{"id":8,"date":"2025-11-23T11:03:55","date_gmt":"2025-11-23T10:03:55","guid":{"rendered":"https:\/\/mtp.fr\/?page_id=8"},"modified":"2026-03-10T21:23:29","modified_gmt":"2026-03-10T20:23:29","slug":"nos-gammes","status":"publish","type":"page","link":"https:\/\/mtp.fr\/en\/nos-gammes\/","title":{"rendered":"Our products"},"content":{"rendered":"<div class=\"wp-block-cover\" style=\"min-height:35vh;aspect-ratio:unset;\"><img loading=\"lazy\" decoding=\"async\" width=\"1024\" height=\"683\" class=\"wp-block-cover__image-background wp-image-142 size-large\" alt=\"\" src=\"https:\/\/mtp.fr\/wp-content\/uploads\/2026\/01\/banniere_groupe_froid_mobile-1024x683.png\" data-object-fit=\"cover\" srcset=\"https:\/\/mtp.fr\/wp-content\/uploads\/2026\/01\/banniere_groupe_froid_mobile-1024x683.png 1024w, https:\/\/mtp.fr\/wp-content\/uploads\/2026\/01\/banniere_groupe_froid_mobile-300x200.png 300w, https:\/\/mtp.fr\/wp-content\/uploads\/2026\/01\/banniere_groupe_froid_mobile-768x512.png 768w, https:\/\/mtp.fr\/wp-content\/uploads\/2026\/01\/banniere_groupe_froid_mobile.png 1536w\" sizes=\"auto, (max-width: 1024px) 100vw, 1024px\" \/><span aria-hidden=\"true\" class=\"wp-block-cover__background has-palette-color-1-background-color has-background-dim\"><\/span><div class=\"wp-block-cover__inner-container is-layout-constrained wp-block-cover-is-layout-constrained\">\n<p class=\"has-text-align-center has-x-large-font-size\"><strong>Our Products<\/strong><\/p>\n\n\n\n<p class=\"has-text-align-center has-text-color has-link-color has-medium-font-size wp-elements-cd065b1b62fee0d4465a817fe1479dbf\" style=\"color:#ffffffcc\">Comprehensive solutions for beverage distribution and equipment for the hospitality industry.<\/p>\n<\/div><\/div>\n\n\n\n<div class=\"wp-block-group is-layout-constrained wp-block-group-is-layout-constrained\" style=\"padding-top:40px;padding-bottom:40px\">\n<h2 class=\"wp-block-heading has-text-align-center\">Complete solutions for professionals<\/h2>\n\n\n\n<p class=\"has-text-align-left has-palette-color-2-color has-text-color has-link-color wp-elements-2822fd0b8425a730ac9e587ff69fb0b9\">MTP offers a comprehensive range of equipment and solutions for the drinks industry. From draught systems to cellar equipment, as well as cleaning, fittings and consumables, we support every project with reliable, tailor-made solutions.<\/p>\n<\/div>\n\n\n\n<div class=\"wp-block-group has-palette-color-7-background-color has-background is-layout-constrained wp-container-core-group-is-layout-e988b1fe wp-block-group-is-layout-constrained\" style=\"padding-top:60px;padding-right:60px;padding-bottom:60px;padding-left:60px\">\n<div class=\"wp-block-columns is-layout-flex wp-container-core-columns-is-layout-28f84493 wp-block-columns-is-layout-flex\">\n<div class=\"wp-block-column is-layout-flow wp-block-column-is-layout-flow\">\n<div class=\"wp-block-group has-border-color has-background is-layout-constrained wp-container-core-group-is-layout-3b0f2f7d wp-block-group-is-layout-constrained\" style=\"border-color:#e0e0e0;border-width:1px;border-radius:6px;background-color:#f8f9fa;padding-right:20px;padding-left:20px\">\n<figure class=\"wp-block-image aligncenter size-full is-resized\"><img loading=\"lazy\" decoding=\"async\" width=\"308\" height=\"359\" src=\"https:\/\/mtp.fr\/wp-content\/uploads\/2025\/11\/groupes-de-froid-carte-head.png\" alt=\"\" class=\"wp-image-46\" style=\"aspect-ratio:1;object-fit:cover;width:164px;height:auto\" srcset=\"https:\/\/mtp.fr\/wp-content\/uploads\/2025\/11\/groupes-de-froid-carte-head.png 308w, https:\/\/mtp.fr\/wp-content\/uploads\/2025\/11\/groupes-de-froid-carte-head-257x300.png 257w\" sizes=\"auto, (max-width: 308px) 100vw, 308px\" \/><\/figure>\n\n\n\n<h4 class=\"wp-block-heading has-text-align-center has-text-color has-link-color wp-elements-50c870f29d2dd58b21c81a30c34ef642\" style=\"color:#0d4c8a;padding-top:15px;font-size:clamp(14px, 0.875rem + ((1vw - 3.2px) * 0.469), 20px);\"><a href=\"https:\/\/mtp.fr\/en\/?page_id=47\" data-type=\"page\" data-id=\"47\">Cooling &amp; mobile unit<\/a><\/h4>\n<\/div>\n<\/div>\n\n\n\n<div class=\"wp-block-column is-layout-flow wp-block-column-is-layout-flow\">\n<div class=\"wp-block-group has-border-color has-background is-layout-constrained wp-container-core-group-is-layout-3b0f2f7d wp-block-group-is-layout-constrained\" style=\"border-color:#e0e0e0;border-width:1px;border-radius:6px;background-color:#f8f9fa;padding-right:20px;padding-left:20px\">\n<figure class=\"wp-block-image aligncenter size-full is-resized\"><img loading=\"lazy\" decoding=\"async\" width=\"425\" height=\"425\" src=\"https:\/\/mtp.fr\/wp-content\/uploads\/2025\/11\/colonnes-carte-head-edited.png\" alt=\"\" class=\"wp-image-58\" style=\"aspect-ratio:1;object-fit:cover;width:164px;height:auto\" srcset=\"https:\/\/mtp.fr\/wp-content\/uploads\/2025\/11\/colonnes-carte-head-edited.png 425w, https:\/\/mtp.fr\/wp-content\/uploads\/2025\/11\/colonnes-carte-head-edited-300x300.png 300w, https:\/\/mtp.fr\/wp-content\/uploads\/2025\/11\/colonnes-carte-head-edited-150x150.png 150w\" sizes=\"auto, (max-width: 425px) 100vw, 425px\" \/><\/figure>\n\n\n\n<h4 class=\"wp-block-heading has-text-align-center has-text-color has-link-color wp-elements-a1cce8136793f06b6151405d3dcdbbc4\" style=\"color:#0d4c8a;padding-top:15px;font-size:clamp(14px, 0.875rem + ((1vw - 3.2px) * 0.469), 20px);\"><a href=\"https:\/\/mtp.fr\/en\/gamme-colonnes\/\" data-type=\"page\" data-id=\"49\">Columns<\/a><\/h4>\n<\/div>\n<\/div>\n\n\n\n<div class=\"wp-block-column is-layout-flow wp-block-column-is-layout-flow\">\n<div class=\"wp-block-group has-border-color has-background is-layout-constrained wp-container-core-group-is-layout-3b0f2f7d wp-block-group-is-layout-constrained\" style=\"border-color:#e0e0e0;border-width:1px;border-radius:6px;background-color:#f8f9fa;padding-right:20px;padding-left:20px\">\n<figure class=\"wp-block-image aligncenter size-full is-resized\"><img loading=\"lazy\" decoding=\"async\" width=\"567\" height=\"611\" src=\"https:\/\/mtp.fr\/wp-content\/uploads\/2025\/11\/materiel-cave-tp-carte-head.png\" alt=\"\" class=\"wp-image-60\" style=\"aspect-ratio:1;object-fit:cover;width:164px;height:auto\" srcset=\"https:\/\/mtp.fr\/wp-content\/uploads\/2025\/11\/materiel-cave-tp-carte-head.png 567w, https:\/\/mtp.fr\/wp-content\/uploads\/2025\/11\/materiel-cave-tp-carte-head-278x300.png 278w\" sizes=\"auto, (max-width: 567px) 100vw, 567px\" \/><\/figure>\n\n\n\n<h4 class=\"wp-block-heading has-text-align-center has-text-color has-link-color wp-elements-90e33fccf4a067babf3842f12e3ee279\" style=\"color:#0d4c8a;padding-top:15px;font-size:clamp(14px, 0.875rem + ((1vw - 3.2px) * 0.469), 20px);\"><a href=\"https:\/\/mtp.fr\/en\/?page_id=51\" data-type=\"page\" data-id=\"51\">Cellar equipments<\/a><\/h4>\n<\/div>\n<\/div>\n<\/div>\n\n\n\n<div class=\"wp-block-columns is-layout-flex wp-container-core-columns-is-layout-28f84493 wp-block-columns-is-layout-flex\">\n<div class=\"wp-block-column is-layout-flow wp-block-column-is-layout-flow\">\n<div class=\"wp-block-group has-border-color has-background is-layout-constrained wp-container-core-group-is-layout-3b0f2f7d wp-block-group-is-layout-constrained\" style=\"border-color:#e0e0e0;border-width:1px;border-radius:6px;background-color:#f8f9fa;padding-right:20px;padding-left:20px\">\n<figure class=\"wp-block-image aligncenter size-full is-resized\"><img loading=\"lazy\" decoding=\"async\" width=\"499\" height=\"257\" src=\"https:\/\/mtp.fr\/wp-content\/uploads\/2025\/11\/produits-chimiques-carte-head.png\" alt=\"\" class=\"wp-image-61\" style=\"aspect-ratio:1;object-fit:contain;width:164px\" srcset=\"https:\/\/mtp.fr\/wp-content\/uploads\/2025\/11\/produits-chimiques-carte-head.png 499w, https:\/\/mtp.fr\/wp-content\/uploads\/2025\/11\/produits-chimiques-carte-head-300x155.png 300w\" sizes=\"auto, (max-width: 499px) 100vw, 499px\" \/><\/figure>\n\n\n\n<h4 class=\"wp-block-heading has-text-align-center has-text-color has-link-color wp-elements-78bcc756d75562bbdbab232c1a31f989\" style=\"color:#0d4c8a;padding-top:15px;font-size:clamp(14px, 0.875rem + ((1vw - 3.2px) * 0.469), 20px);\"><a href=\"https:\/\/mtp.fr\/en\/?page_id=52\" data-type=\"page\" data-id=\"52\">Chemicals<\/a><\/h4>\n<\/div>\n<\/div>\n\n\n\n<div class=\"wp-block-column is-layout-flow wp-block-column-is-layout-flow\">\n<div class=\"wp-block-group has-border-color has-background is-layout-constrained wp-container-core-group-is-layout-3b0f2f7d wp-block-group-is-layout-constrained\" style=\"border-color:#e0e0e0;border-width:1px;border-radius:6px;background-color:#f8f9fa;padding-right:20px;padding-left:20px\">\n<figure class=\"wp-block-image aligncenter size-full is-resized\"><img loading=\"lazy\" decoding=\"async\" width=\"401\" height=\"466\" src=\"https:\/\/mtp.fr\/wp-content\/uploads\/2025\/11\/edraft-carte-head.png\" alt=\"\" class=\"wp-image-63\" style=\"aspect-ratio:1;object-fit:cover;width:164px;height:auto\" srcset=\"https:\/\/mtp.fr\/wp-content\/uploads\/2025\/11\/edraft-carte-head.png 401w, https:\/\/mtp.fr\/wp-content\/uploads\/2025\/11\/edraft-carte-head-258x300.png 258w\" sizes=\"auto, (max-width: 401px) 100vw, 401px\" \/><\/figure>\n\n\n\n<h4 class=\"wp-block-heading has-text-align-center has-text-color has-link-color wp-elements-85e894e5e9b57e7a5152ec496d8d59de\" style=\"color:#0d4c8a;padding-top:15px;font-size:clamp(14px, 0.875rem + ((1vw - 3.2px) * 0.469), 20px);\"><a href=\"https:\/\/mtp.fr\/en\/edraft\/\" data-type=\"page\" data-id=\"228\">EDraft<\/a><\/h4>\n<\/div>\n<\/div>\n\n\n\n<div class=\"wp-block-column is-layout-flow wp-block-column-is-layout-flow\">\n<div class=\"wp-block-group has-border-color has-background is-layout-constrained wp-container-core-group-is-layout-3b0f2f7d wp-block-group-is-layout-constrained\" style=\"border-color:#e0e0e0;border-width:1px;border-radius:6px;background-color:#f8f9fa;padding-right:20px;padding-left:20px\">\n<figure class=\"wp-block-image aligncenter size-full is-resized\"><img loading=\"lazy\" decoding=\"async\" width=\"1024\" height=\"1024\" src=\"https:\/\/mtp.fr\/wp-content\/uploads\/2025\/11\/draft-cleaner-carte-head-3.png\" alt=\"\" class=\"wp-image-73\" style=\"aspect-ratio:1;object-fit:cover;width:164px;height:auto\" srcset=\"https:\/\/mtp.fr\/wp-content\/uploads\/2025\/11\/draft-cleaner-carte-head-3.png 1024w, https:\/\/mtp.fr\/wp-content\/uploads\/2025\/11\/draft-cleaner-carte-head-3-300x300.png 300w, https:\/\/mtp.fr\/wp-content\/uploads\/2025\/11\/draft-cleaner-carte-head-3-150x150.png 150w, https:\/\/mtp.fr\/wp-content\/uploads\/2025\/11\/draft-cleaner-carte-head-3-768x768.png 768w\" sizes=\"auto, (max-width: 1024px) 100vw, 1024px\" \/><\/figure>\n\n\n\n<h4 class=\"wp-block-heading has-text-align-center has-text-color has-link-color wp-elements-b2f29c00975bd03667870d0f03e2f24d\" style=\"color:#0d4c8a;padding-top:15px;font-size:clamp(14px, 0.875rem + ((1vw - 3.2px) * 0.469), 20px);\"><a href=\"https:\/\/mtp.fr\/en\/draft-cleaner\/\" data-type=\"page\" data-id=\"245\">DraftCleaner Device<\/a><\/h4>\n<\/div>\n<\/div>\n<\/div>\n\n\n\n<div class=\"wp-block-columns is-layout-flex wp-container-core-columns-is-layout-28f84493 wp-block-columns-is-layout-flex\">\n<div class=\"wp-block-column is-layout-flow wp-block-column-is-layout-flow\">\n<div class=\"wp-block-group has-border-color has-background is-layout-constrained wp-container-core-group-is-layout-3b0f2f7d wp-block-group-is-layout-constrained\" style=\"border-color:#e0e0e0;border-width:1px;border-radius:6px;background-color:#f8f9fa;padding-right:20px;padding-left:20px\">\n<figure class=\"wp-block-image aligncenter size-full is-resized\"><img loading=\"lazy\" decoding=\"async\" width=\"624\" height=\"432\" src=\"https:\/\/mtp.fr\/wp-content\/uploads\/2025\/11\/futs-carte-head.png\" alt=\"\" class=\"wp-image-67\" style=\"aspect-ratio:1;object-fit:contain;width:164px\" srcset=\"https:\/\/mtp.fr\/wp-content\/uploads\/2025\/11\/futs-carte-head.png 624w, https:\/\/mtp.fr\/wp-content\/uploads\/2025\/11\/futs-carte-head-300x208.png 300w\" sizes=\"auto, (max-width: 624px) 100vw, 624px\" \/><\/figure>\n\n\n\n<h4 class=\"wp-block-heading has-text-align-center has-text-color has-link-color wp-elements-00eb64736c4c0c4b6f102eb466473969\" style=\"color:#0d4c8a;padding-top:15px;font-size:clamp(14px, 0.875rem + ((1vw - 3.2px) * 0.469), 20px);\"><a href=\"https:\/\/mtp.fr\/en\/futs-inoxs-plastiques-et-plongeurs\/\" data-type=\"page\" data-id=\"54\">Stainless steel and plastic drum<\/a><\/h4>\n<\/div>\n<\/div>\n\n\n\n<div class=\"wp-block-column is-layout-flow wp-block-column-is-layout-flow\">\n<div class=\"wp-block-group has-border-color has-background is-layout-constrained wp-container-core-group-is-layout-3b0f2f7d wp-block-group-is-layout-constrained\" style=\"border-color:#e0e0e0;border-width:1px;border-radius:6px;background-color:#f8f9fa;padding-right:20px;padding-left:20px\">\n<figure class=\"wp-block-image aligncenter size-full is-resized\"><img loading=\"lazy\" decoding=\"async\" width=\"2560\" height=\"1920\" src=\"https:\/\/mtp.fr\/wp-content\/uploads\/2026\/03\/1773141876795-scaled.jpg\" alt=\"\" class=\"wp-image-451\" style=\"aspect-ratio:1;object-fit:cover;width:164px;height:auto\" srcset=\"https:\/\/mtp.fr\/wp-content\/uploads\/2026\/03\/1773141876795-scaled.jpg 2560w, https:\/\/mtp.fr\/wp-content\/uploads\/2026\/03\/1773141876795-300x225.jpg 300w, https:\/\/mtp.fr\/wp-content\/uploads\/2026\/03\/1773141876795-1024x768.jpg 1024w, https:\/\/mtp.fr\/wp-content\/uploads\/2026\/03\/1773141876795-768x576.jpg 768w, https:\/\/mtp.fr\/wp-content\/uploads\/2026\/03\/1773141876795-1536x1152.jpg 1536w, https:\/\/mtp.fr\/wp-content\/uploads\/2026\/03\/1773141876795-2048x1536.jpg 2048w\" sizes=\"auto, (max-width: 2560px) 100vw, 2560px\" \/><\/figure>\n\n\n\n<h4 class=\"wp-block-heading has-text-align-center has-text-color has-link-color wp-elements-5d822e6aa234b4a246b43c1024f8fda3\" style=\"color:#0d4c8a;padding-top:15px;font-size:clamp(14px, 0.875rem + ((1vw - 3.2px) * 0.469), 20px);\"><a href=\"https:\/\/mtp.fr\/en\/agencements\/\" data-type=\"page\" data-id=\"315\">Layouts<\/a><\/h4>\n<\/div>\n<\/div>\n\n\n\n<div class=\"wp-block-column is-layout-flow wp-block-column-is-layout-flow\">\n<div class=\"wp-block-group has-border-color has-background is-layout-constrained wp-container-core-group-is-layout-3b0f2f7d wp-block-group-is-layout-constrained\" style=\"border-color:#e0e0e0;border-width:1px;border-radius:6px;background-color:#f8f9fa;padding-right:20px;padding-left:20px\">\n<figure class=\"wp-block-image aligncenter size-full is-resized\"><img loading=\"lazy\" decoding=\"async\" width=\"398\" height=\"248\" src=\"https:\/\/mtp.fr\/wp-content\/uploads\/2025\/11\/bouteilles-gaz-carte-head.png\" alt=\"\" class=\"wp-image-75\" style=\"aspect-ratio:1;object-fit:contain;width:164px\" srcset=\"https:\/\/mtp.fr\/wp-content\/uploads\/2025\/11\/bouteilles-gaz-carte-head.png 398w, https:\/\/mtp.fr\/wp-content\/uploads\/2025\/11\/bouteilles-gaz-carte-head-300x187.png 300w\" sizes=\"auto, (max-width: 398px) 100vw, 398px\" \/><\/figure>\n\n\n\n<h4 class=\"wp-block-heading has-text-align-center has-text-color has-link-color wp-elements-0e6d63b7f5abf7c888eb9365c2d3ff76\" style=\"color:#0d4c8a;padding-top:15px;font-size:clamp(14px, 0.875rem + ((1vw - 3.2px) * 0.469), 20px);\"><a href=\"https:\/\/mtp.fr\/en\/bouteilles-de-gazs\/\" data-type=\"page\" data-id=\"355\">Gas bottle<\/a><\/h4>\n<\/div>\n<\/div>\n<\/div>\n<\/div>\n\n\n\n<div class=\"wp-block-group is-layout-constrained wp-block-group-is-layout-constrained\">\n<h2 class=\"wp-block-heading\">Need help choosing the right solution?<\/h2>\n\n\n\n<div class=\"wp-block-buttons is-layout-flex wp-block-buttons-is-layout-flex\">\n<div class=\"wp-block-button\"><a class=\"wp-block-button__link wp-element-button\" href=\"\/en\/contact\/\" style=\"border-radius:5px\">Contact us \u27a1\ufe0f <\/a><\/div>\n<\/div>\n<\/div>\n\n\n\n<p><\/p>","protected":false},"excerpt":{"rendered":"<p>Une offre compl\u00e8te pour les professionels MTP propose une gamme compl\u00e8te de mat\u00e9riels et de solutions d\u00e9di\u00e9es \u00e0 la distribution de boissons. Du tirage pression aux \u00e9quipements de cave, en passant par le nettoyage, l\u2019agencement et les consommables, nous accompagnons chaque projet avec des solutions fiables et adapt\u00e9es. Groupe de froid &amp; mobile Colonnes Mat\u00e9riel [&hellip;]<\/p>\n","protected":false},"author":1,"featured_media":0,"parent":0,"menu_order":0,"comment_status":"closed","ping_status":"closed","template":"","meta":{"_uag_custom_page_level_css":"","footnotes":""},"class_list":["post-8","page","type-page","status-publish","hentry"],"blocksy_meta":{"has_hero_section":"disabled","styles_descriptor":{"styles":{"desktop":"","tablet":"","mobile":""},"google_fonts":[],"version":6},"content_style_source":"inherit"},"uagb_featured_image_src":{"full":false,"thumbnail":false,"medium":false,"medium_large":false,"large":false,"1536x1536":false,"2048x2048":false,"trp-custom-language-flag":false},"uagb_author_info":{"display_name":"lbs_admin","author_link":"https:\/\/mtp.fr\/en\/author\/lbs_admin\/"},"uagb_comment_info":0,"uagb_excerpt":"Une offre compl\u00e8te pour les professionels MTP propose une gamme compl\u00e8te de mat\u00e9riels et de solutions d\u00e9di\u00e9es \u00e0 la distribution de boissons. Du tirage pression aux \u00e9quipements de cave, en passant par le nettoyage, l\u2019agencement et les consommables, nous accompagnons chaque projet avec des solutions fiables et adapt\u00e9es. Groupe de froid &amp; mobile Colonnes Mat\u00e9riel&hellip;","_links":{"self":[{"href":"https:\/\/mtp.fr\/en\/wp-json\/wp\/v2\/pages\/8","targetHints":{"allow":["GET"]}}],"collection":[{"href":"https:\/\/mtp.fr\/en\/wp-json\/wp\/v2\/pages"}],"about":[{"href":"https:\/\/mtp.fr\/en\/wp-json\/wp\/v2\/types\/page"}],"author":[{"embeddable":true,"href":"https:\/\/mtp.fr\/en\/wp-json\/wp\/v2\/users\/1"}],"replies":[{"embeddable":true,"href":"https:\/\/mtp.fr\/en\/wp-json\/wp\/v2\/comments?post=8"}],"version-history":[{"count":19,"href":"https:\/\/mtp.fr\/en\/wp-json\/wp\/v2\/pages\/8\/revisions"}],"predecessor-version":[{"id":460,"href":"https:\/\/mtp.fr\/en\/wp-json\/wp\/v2\/pages\/8\/revisions\/460"}],"wp:attachment":[{"href":"https:\/\/mtp.fr\/en\/wp-json\/wp\/v2\/media?parent=8"}],"curies":[{"name":"wp","href":"https:\/\/api.w.org\/{rel}","templated":true}]}}