{"id":52,"date":"2026-01-18T05:38:36","date_gmt":"2026-01-18T04:38:36","guid":{"rendered":"https:\/\/mtp.fr\/?page_id=52"},"modified":"2026-02-14T11:29:19","modified_gmt":"2026-02-14T10:29:19","slug":"produits-chimiques","status":"publish","type":"page","link":"https:\/\/mtp.fr\/en\/produits-chimiques\/","title":{"rendered":"Chemicals"},"content":{"rendered":"<div class=\"wp-block-cover\" style=\"padding-top:100px;padding-right:40px;padding-bottom:100px;padding-left:40px\"><img loading=\"lazy\" decoding=\"async\" width=\"1024\" height=\"683\" class=\"wp-block-cover__image-background wp-image-407 size-large\" alt=\"\" src=\"https:\/\/mtp.fr\/wp-content\/uploads\/2026\/02\/bannieres-1-1024x683.png\" data-object-fit=\"cover\" srcset=\"https:\/\/mtp.fr\/wp-content\/uploads\/2026\/02\/bannieres-1-1024x683.png 1024w, https:\/\/mtp.fr\/wp-content\/uploads\/2026\/02\/bannieres-1-300x200.png 300w, https:\/\/mtp.fr\/wp-content\/uploads\/2026\/02\/bannieres-1-768x512.png 768w, https:\/\/mtp.fr\/wp-content\/uploads\/2026\/02\/bannieres-1.png 1536w\" sizes=\"auto, (max-width: 1024px) 100vw, 1024px\" \/><span aria-hidden=\"true\" class=\"wp-block-cover__background has-palette-color-1-background-color has-background-dim\"><\/span><div class=\"wp-block-cover__inner-container is-layout-constrained wp-container-core-cover-is-layout-0da279a2 wp-block-cover-is-layout-constrained\">\n<p class=\"has-text-align-center has-x-large-font-size\">Produits chimiques pour tirage pression<\/p>\n\n\n\n<p class=\"has-text-align-center has-medium-font-size\"><strong>Nettoyage, d\u00e9sinfection et ma\u00eetrise sanitaire des installations<\/strong><\/p>\n<\/div><\/div>\n\n\n\n<div class=\"wp-block-group is-layout-constrained wp-block-group-is-layout-constrained\" style=\"padding-top:80px;padding-bottom:80px\">\n<h2 class=\"wp-block-heading\">A quoi servent les produits chimiques<\/h2>\n\n\n\n<p>Les produits chimiques d\u00e9di\u00e9s au tirage pression permettent d\u2019assurer le <strong>nettoyage et la d\u00e9sinfection des lignes, robinets et \u00e9quipements<\/strong>.<br>Ils \u00e9liminent les r\u00e9sidus, d\u00e9p\u00f4ts et d\u00e9veloppements bact\u00e9riens responsables des <strong>alt\u00e9rations de go\u00fbt<\/strong>, de la mousse instable et des non-conformit\u00e9s sanitaires.<\/p>\n\n\n\n<p>Utilis\u00e9s dans le cadre d\u2019une proc\u00e9dure ma\u00eetris\u00e9e, ils garantissent une <strong>qualit\u00e9 de service constante<\/strong> et la s\u00e9curit\u00e9 du consommateur.<\/p>\n\n\n\n<p>Un entretien r\u00e9gulier est indispensable pour pr\u00e9server la qualit\u00e9 de la bi\u00e8re et la fiabilit\u00e9 de l\u2019installation.<\/p>\n\n\n\n<div class=\"wp-block-columns is-layout-flex wp-container-core-columns-is-layout-ed9cf160 wp-block-columns-is-layout-flex\" style=\"padding-right:100px;padding-left:100px\">\n<div class=\"wp-block-column is-layout-flow wp-block-column-is-layout-flow\">\n<h4 class=\"wp-block-heading\">Objectifs principaux<\/h4>\n\n\n\n<ul class=\"wp-block-list\">\n<li>\u00c9limination des r\u00e9sidus organiques<\/li>\n\n\n\n<li>Ma\u00eetrise du d\u00e9veloppement bact\u00e9rien<\/li>\n\n\n\n<li>Pr\u00e9servation du go\u00fbt<\/li>\n\n\n\n<li>Conformit\u00e9 sanitaire<\/li>\n\n\n\n<li>Respect du standard brasseur <\/li>\n<\/ul>\n<\/div>\n\n\n\n<div class=\"wp-block-column is-layout-flow wp-block-column-is-layout-flow\">\n<h4 class=\"wp-block-heading\">Equipements concern\u00e9s<\/h4>\n\n\n\n<ul class=\"wp-block-list\">\n<li>Lignes de bi\u00e8re<\/li>\n\n\n\n<li>Robinets et t\u00eates de tirage<\/li>\n\n\n\n<li>Connecteurs<\/li>\n\n\n\n<li>Groupes de froid et cuves<\/li>\n<\/ul>\n<\/div>\n<\/div>\n<\/div>\n\n\n\n<div class=\"wp-block-group has-palette-color-8-background-color has-background is-layout-constrained wp-container-core-group-is-layout-c192dcce wp-block-group-is-layout-constrained\" style=\"padding-top:80px;padding-bottom:80px\">\n<h2 class=\"wp-block-heading\">Nos solutions de produits chimiques<\/h2>\n\n\n\n<p>MTP propose une gamme de produits sp\u00e9cifiquement con\u00e7us pour le <strong>nettoyage et la d\u00e9sinfection des installations de tirage pression<\/strong>, compatibles avec les \u00e9quipements professionnels.<\/p>\n\n\n\n<div class=\"wp-block-columns is-layout-flex wp-container-core-columns-is-layout-28f84493 wp-block-columns-is-layout-flex\">\n<div class=\"wp-block-column is-layout-flow wp-block-column-is-layout-flow\">\n<div class=\"wp-block-uagb-image uagb-block-436cdd10 wp-block-uagb-image--layout-default wp-block-uagb-image--effect-static wp-block-uagb-image--align-none\"><figure class=\"wp-block-uagb-image__figure\"><img decoding=\"async\" srcset=\"https:\/\/mtp.fr\/wp-content\/uploads\/2026\/02\/fluid-solution-2-raw.png ,https:\/\/mtp.fr\/wp-content\/uploads\/2026\/02\/fluid-solution-2-raw.png 780w, https:\/\/mtp.fr\/wp-content\/uploads\/2026\/02\/fluid-solution-2-raw.png 360w\" sizes=\"auto, (max-width: 480px) 150px\" src=\"https:\/\/mtp.fr\/wp-content\/uploads\/2026\/02\/fluid-solution-2-raw.png\" alt=\"\" class=\"uag-image-408\" width=\"500\" height=\"360\" title=\"fluid-solution-2-raw\" loading=\"lazy\" role=\"img\"\/><\/figure><\/div>\n<\/div>\n\n\n\n<div class=\"wp-block-column is-layout-flow wp-block-column-is-layout-flow\">\n<h3 class=\"wp-block-heading\">Solutions de nettoyage des lignes de bi\u00e8re<\/h3>\n\n\n\n<p>Les solutions DraftCleaner permettent un nettoyage efficace des lignes de bi\u00e8re en \u00e9liminant les d\u00e9p\u00f4ts et biofilms. Certaines formulations int\u00e8grent un <strong>traceur visuel<\/strong>, facilitant le contr\u00f4le de l\u2019efficacit\u00e9 du nettoyage.<\/p>\n<\/div>\n<\/div>\n\n\n\n<div class=\"wp-block-columns is-layout-flex wp-container-core-columns-is-layout-28f84493 wp-block-columns-is-layout-flex\">\n<div class=\"wp-block-column is-layout-flow wp-block-column-is-layout-flow\">\n<div class=\"wp-block-uagb-image uagb-block-1269c1ca wp-block-uagb-image--layout-default wp-block-uagb-image--effect-static wp-block-uagb-image--align-none\"><figure class=\"wp-block-uagb-image__figure\"><img decoding=\"async\" srcset=\"https:\/\/mtp.fr\/wp-content\/uploads\/2026\/02\/spray.png ,https:\/\/mtp.fr\/wp-content\/uploads\/2026\/02\/spray.png 780w, https:\/\/mtp.fr\/wp-content\/uploads\/2026\/02\/spray.png 360w\" sizes=\"auto, (max-width: 480px) 150px\" src=\"https:\/\/mtp.fr\/wp-content\/uploads\/2026\/02\/spray.png\" alt=\"\" class=\"uag-image-409\" width=\"500\" height=\"360\" title=\"spray\" loading=\"lazy\" role=\"img\"\/><\/figure><\/div>\n<\/div>\n\n\n\n<div class=\"wp-block-column is-layout-flow wp-block-column-is-layout-flow\">\n<h3 class=\"wp-block-heading\">D\u00e9sinfection des robinets et connecteurs<\/h3>\n\n\n\n<p>Les sprays de d\u00e9sinfection sont con\u00e7us pour une application rapide sur les robinets et connecteurs, assurant une <strong>d\u00e9sinfection compl\u00e8te sans rin\u00e7age<\/strong>, adapt\u00e9e aux contraintes d\u2019exploitation quotidienne.<\/p>\n<\/div>\n<\/div>\n\n\n\n<div class=\"wp-block-columns is-layout-flex wp-container-core-columns-is-layout-28f84493 wp-block-columns-is-layout-flex\">\n<div class=\"wp-block-column is-layout-flow wp-block-column-is-layout-flow\">\n<div class=\"wp-block-uagb-image uagb-block-cec3c4a9 wp-block-uagb-image--layout-default wp-block-uagb-image--effect-static wp-block-uagb-image--align-none\"><figure class=\"wp-block-uagb-image__figure\"><img decoding=\"async\" srcset=\"https:\/\/mtp.fr\/wp-content\/uploads\/2026\/02\/algua-inhibitor.png ,https:\/\/mtp.fr\/wp-content\/uploads\/2026\/02\/algua-inhibitor.png 780w, https:\/\/mtp.fr\/wp-content\/uploads\/2026\/02\/algua-inhibitor.png 360w\" sizes=\"auto, (max-width: 480px) 150px\" src=\"https:\/\/mtp.fr\/wp-content\/uploads\/2026\/02\/algua-inhibitor.png\" alt=\"\" class=\"uag-image-410\" width=\"500\" height=\"360\" title=\"algua-inhibitor\" loading=\"lazy\" role=\"img\"\/><\/figure><\/div>\n<\/div>\n\n\n\n<div class=\"wp-block-column is-layout-flow wp-block-column-is-layout-flow\">\n<h3 class=\"wp-block-heading\">Traitement des cuves et circuits de refroidissement<\/h3>\n\n\n\n<p>Les produits de traitement des circuits de refroidissement permettent de maintenir une <strong>qualit\u00e9 d\u2019eau optimale<\/strong> dans les cuves des groupes de froid, contribuant \u00e0 la performance et \u00e0 la long\u00e9vit\u00e9 des \u00e9quipements.<\/p>\n<\/div>\n<\/div>\n\n\n\t\t\t\t\t<div\n\t\t\t\t\t\tclass=\"wp-block-uagb-image-gallery uagb-block-3361ff70 ticss-79416e6e\"\n\t\t\t\t\t\tstyle=\"\"\n\t\t\t\t\t>\n\t\t\t\t\t\t\t\t\t\t\t<div class=\"spectra-image-gallery spectra-image-gallery__layout--carousel\">\n\t\t\t\t\t\t\t\t<div class=\"uagb-slick-carousel uagb-block-3361ff70\">\n\t\t\t\t\t\t\t\t\t\t\t\t<div class='spectra-image-gallery__media-wrapper' data-spectra-gallery-image-id='410'>\n\t\t\t\t\t\t\t<div class=\"spectra-image-gallery__media spectra-image-gallery__media--carousel\">\n\t\t\t\t<picture>\n\t\t\t\t\t<source media=\"(min-width: 1024px)\" srcset=\"https:\/\/mtp.fr\/wp-content\/uploads\/2026\/02\/algua-inhibitor.png\">\n\t\t\t\t\t<source media=\"(min-width: 768px)\" srcset=\"https:\/\/mtp.fr\/wp-content\/uploads\/2026\/02\/algua-inhibitor.png\">\n\t\t\t\t\t<img decoding=\"async\" class=\"spectra-image-gallery__media-thumbnail spectra-image-gallery__media-thumbnail--carousel\" src=\"https:\/\/mtp.fr\/wp-content\/uploads\/2026\/02\/algua-inhibitor-190x300.png\" alt=\"\" loading=\"lazy\" \/>\n\t\t\t\t<\/picture>\n\t\t\t\t<div class=\"spectra-image-gallery__media-thumbnail-blurrer\"><\/div>\n\t\t\t\t\t\t\t\t\t\t\t<div class=\"spectra-image-gallery__media-thumbnail-caption-wrapper spectra-image-gallery__media-thumbnail-caption-wrapper--overlay\"><\/div>\n\t\t\t\t\t\t\t\t<\/div>\n\t\t\t\t\t\t<\/div>\n\t\t\t\t\t\t<div class='spectra-image-gallery__media-wrapper' data-spectra-gallery-image-id='409'>\n\t\t\t\t\t\t\t<div class=\"spectra-image-gallery__media spectra-image-gallery__media--carousel\">\n\t\t\t\t<picture>\n\t\t\t\t\t<source media=\"(min-width: 1024px)\" srcset=\"https:\/\/mtp.fr\/wp-content\/uploads\/2026\/02\/spray.png\">\n\t\t\t\t\t<source media=\"(min-width: 768px)\" srcset=\"https:\/\/mtp.fr\/wp-content\/uploads\/2026\/02\/spray.png\">\n\t\t\t\t\t<img decoding=\"async\" class=\"spectra-image-gallery__media-thumbnail spectra-image-gallery__media-thumbnail--carousel\" src=\"https:\/\/mtp.fr\/wp-content\/uploads\/2026\/02\/spray-163x300.png\" alt=\"\" loading=\"lazy\" \/>\n\t\t\t\t<\/picture>\n\t\t\t\t<div class=\"spectra-image-gallery__media-thumbnail-blurrer\"><\/div>\n\t\t\t\t\t\t\t\t\t\t\t<div class=\"spectra-image-gallery__media-thumbnail-caption-wrapper spectra-image-gallery__media-thumbnail-caption-wrapper--overlay\"><\/div>\n\t\t\t\t\t\t\t\t<\/div>\n\t\t\t\t\t\t<\/div>\n\t\t\t\t\t\t<div class='spectra-image-gallery__media-wrapper' data-spectra-gallery-image-id='408'>\n\t\t\t\t\t\t\t<div class=\"spectra-image-gallery__media spectra-image-gallery__media--carousel\">\n\t\t\t\t<picture>\n\t\t\t\t\t<source media=\"(min-width: 1024px)\" srcset=\"https:\/\/mtp.fr\/wp-content\/uploads\/2026\/02\/fluid-solution-2-raw.png\">\n\t\t\t\t\t<source media=\"(min-width: 768px)\" srcset=\"https:\/\/mtp.fr\/wp-content\/uploads\/2026\/02\/fluid-solution-2-raw.png\">\n\t\t\t\t\t<img decoding=\"async\" class=\"spectra-image-gallery__media-thumbnail spectra-image-gallery__media-thumbnail--carousel\" src=\"https:\/\/mtp.fr\/wp-content\/uploads\/2026\/02\/fluid-solution-2-raw-300x134.png\" alt=\"\" loading=\"lazy\" \/>\n\t\t\t\t<\/picture>\n\t\t\t\t<div class=\"spectra-image-gallery__media-thumbnail-blurrer\"><\/div>\n\t\t\t\t\t\t\t\t\t\t\t<div class=\"spectra-image-gallery__media-thumbnail-caption-wrapper spectra-image-gallery__media-thumbnail-caption-wrapper--overlay\"><\/div>\n\t\t\t\t\t\t\t\t<\/div>\n\t\t\t\t\t\t<\/div>\n\t\t\t\t\t\t<div class='spectra-image-gallery__media-wrapper' data-spectra-gallery-image-id='407'>\n\t\t\t\t\t\t\t<div class=\"spectra-image-gallery__media spectra-image-gallery__media--carousel\">\n\t\t\t\t<picture>\n\t\t\t\t\t<source media=\"(min-width: 1024px)\" srcset=\"https:\/\/mtp.fr\/wp-content\/uploads\/2026\/02\/bannieres-1-1024x683.png\">\n\t\t\t\t\t<source media=\"(min-width: 768px)\" srcset=\"https:\/\/mtp.fr\/wp-content\/uploads\/2026\/02\/bannieres-1-1024x683.png\">\n\t\t\t\t\t<img decoding=\"async\" class=\"spectra-image-gallery__media-thumbnail spectra-image-gallery__media-thumbnail--carousel\" src=\"https:\/\/mtp.fr\/wp-content\/uploads\/2026\/02\/bannieres-1-300x200.png\" alt=\"\" loading=\"lazy\" \/>\n\t\t\t\t<\/picture>\n\t\t\t\t<div class=\"spectra-image-gallery__media-thumbnail-blurrer\"><\/div>\n\t\t\t\t\t\t\t\t\t\t\t<div class=\"spectra-image-gallery__media-thumbnail-caption-wrapper spectra-image-gallery__media-thumbnail-caption-wrapper--overlay\"><\/div>\n\t\t\t\t\t\t\t\t<\/div>\n\t\t\t\t\t\t<\/div>\n\t\t\t\t\t\t<div class='spectra-image-gallery__media-wrapper' data-spectra-gallery-image-id='412'>\n\t\t\t\t\t\t\t<div class=\"spectra-image-gallery__media spectra-image-gallery__media--carousel\">\n\t\t\t\t<picture>\n\t\t\t\t\t<source media=\"(min-width: 1024px)\" srcset=\"https:\/\/mtp.fr\/wp-content\/uploads\/2026\/02\/fluid-solution-raw.png\">\n\t\t\t\t\t<source media=\"(min-width: 768px)\" srcset=\"https:\/\/mtp.fr\/wp-content\/uploads\/2026\/02\/fluid-solution-raw.png\">\n\t\t\t\t\t<img decoding=\"async\" class=\"spectra-image-gallery__media-thumbnail spectra-image-gallery__media-thumbnail--carousel\" src=\"https:\/\/mtp.fr\/wp-content\/uploads\/2026\/02\/fluid-solution-raw-300x274.png\" alt=\"\" loading=\"lazy\" \/>\n\t\t\t\t<\/picture>\n\t\t\t\t<div class=\"spectra-image-gallery__media-thumbnail-blurrer\"><\/div>\n\t\t\t\t\t\t\t\t\t\t\t<div class=\"spectra-image-gallery__media-thumbnail-caption-wrapper spectra-image-gallery__media-thumbnail-caption-wrapper--overlay\"><\/div>\n\t\t\t\t\t\t\t\t<\/div>\n\t\t\t\t\t\t<\/div>\n\t\t\t\t\t\t\t\t\t\t\t<\/div>\n\t\t\t\t\t\t\t<\/div>\n\t\t\t\t\t\t\t\t\t\t\t<\/div>\n\t\t\t\t\t\t\t\t\t\t\t<div class='spectra-image-gallery__control-lightbox' tabindex='0'>\n\t\t\t\t\t\t\t\t\t\t\t<div class=\"swiper spectra-image-gallery__control-lightbox--main\" dir=\"\">\n\t\t\t\t\t<div class=\"swiper-wrapper\">\n\t\t\t\t\t\t\t\t\t\t\t\t\t\n\t\t\t\t\t\t\t<div class=\"swiper-slide\">\n\t\t\t\t\t\t\t\t<img class=\"swiper-lazy\" data-src=\"https:\/\/mtp.fr\/wp-content\/uploads\/2026\/02\/algua-inhibitor.png\" alt=\"\"\/>\n\t\t\t\t\t\t\t\t<div class=\"swiper-lazy-preloader swiper-lazy-preloader-white\"><\/div>\n\t\t\t\t\t\t\t\t\t\t\t\t\t\t\t<\/div>\n\t\t\t\t\t\t\t\t\t\t\t\t\t\n\t\t\t\t\t\t\t<div class=\"swiper-slide\">\n\t\t\t\t\t\t\t\t<img class=\"swiper-lazy\" data-src=\"https:\/\/mtp.fr\/wp-content\/uploads\/2026\/02\/spray.png\" alt=\"\"\/>\n\t\t\t\t\t\t\t\t<div class=\"swiper-lazy-preloader swiper-lazy-preloader-white\"><\/div>\n\t\t\t\t\t\t\t\t\t\t\t\t\t\t\t<\/div>\n\t\t\t\t\t\t\t\t\t\t\t\t\t\n\t\t\t\t\t\t\t<div class=\"swiper-slide\">\n\t\t\t\t\t\t\t\t<img class=\"swiper-lazy\" data-src=\"https:\/\/mtp.fr\/wp-content\/uploads\/2026\/02\/fluid-solution-2-raw.png\" alt=\"\"\/>\n\t\t\t\t\t\t\t\t<div class=\"swiper-lazy-preloader swiper-lazy-preloader-white\"><\/div>\n\t\t\t\t\t\t\t\t\t\t\t\t\t\t\t<\/div>\n\t\t\t\t\t\t\t\t\t\t\t\t\t\n\t\t\t\t\t\t\t<div class=\"swiper-slide\">\n\t\t\t\t\t\t\t\t<img class=\"swiper-lazy\" data-src=\"https:\/\/mtp.fr\/wp-content\/uploads\/2026\/02\/bannieres-1.png\" alt=\"\"\/>\n\t\t\t\t\t\t\t\t<div class=\"swiper-lazy-preloader swiper-lazy-preloader-white\"><\/div>\n\t\t\t\t\t\t\t\t\t\t\t\t\t\t\t<\/div>\n\t\t\t\t\t\t\t\t\t\t\t\t\t\n\t\t\t\t\t\t\t<div class=\"swiper-slide\">\n\t\t\t\t\t\t\t\t<img class=\"swiper-lazy\" data-src=\"https:\/\/mtp.fr\/wp-content\/uploads\/2026\/02\/fluid-solution-raw.png\" alt=\"\"\/>\n\t\t\t\t\t\t\t\t<div class=\"swiper-lazy-preloader swiper-lazy-preloader-white\"><\/div>\n\t\t\t\t\t\t\t\t\t\t\t\t\t\t\t<\/div>\n\t\t\t\t\t\t\t\t\t\t\t<\/div>\n\t\t\t\t\t<div class=\"swiper-button-next\"><\/div>\n\t\t\t\t\t<div class=\"swiper-button-prev\"><\/div>\n\t\t\t\t<\/div>\t\t\t\n\t\t\t\t\t\t\t\t\t\t\t\t\t\t\t\t\t\t\t\t\t\t\t\t\t\t\t\t\t\t\t\t<button class='spectra-image-gallery__control-lightbox--close' aria-label=\"Close\">\n\t\t\t\t\t\t\t\t\t\t\t\t\t<svg xmlns=\"https:\/\/www.w3.org\/2000\/svg\" viewbox= \"0 0 320 512\"><path d=\"M310.6 361.4c12.5 12.5 12.5 32.75 0 45.25C304.4 412.9 296.2 416 288 416s-16.38-3.125-22.62-9.375L160 301.3L54.63 406.6C48.38 412.9 40.19 416 32 416S15.63 412.9 9.375 406.6c-12.5-12.5-12.5-32.75 0-45.25l105.4-105.4L9.375 150.6c-12.5-12.5-12.5-32.75 0-45.25s32.75-12.5 45.25 0L160 210.8l105.4-105.4c12.5-12.5 32.75-12.5 45.25 0s12.5 32.75 0 45.25l-105.4 105.4L310.6 361.4z\"><\/path><\/svg>\n\t\t\t\t\t\t\t\t\t\t\t\t<\/button>\n\t\t\t\t\t\t\t\t\t\t\t\t\t<\/div>\n\t\t\t\t\t\t\t\t\t<\/div>\n\n\n\n<div class=\"wp-block-group is-layout-constrained wp-block-group-is-layout-constrained\" style=\"padding-top:80px;padding-bottom:80px\">\n<h2 class=\"wp-block-heading\">Int\u00e9gration dans la maintenance de votre installation<\/h2>\n\n\n\n<p>Les produits chimiques s\u2019int\u00e8grent dans une <strong>proc\u00e9dure de maintenance r\u00e9guli\u00e8re<\/strong>, d\u00e9finie selon le type d\u2019installation et la fr\u00e9quence d\u2019utilisation.<br>Chez MTP, le nettoyage fait partie d\u2019une approche globale visant \u00e0 garantir une <strong>qualit\u00e9 constante du service<\/strong> et la conformit\u00e9 sanitaire.<\/p>\n<\/div>\n\n\n\n<div class=\"wp-block-group has-palette-color-8-background-color has-background is-layout-constrained wp-block-group-is-layout-constrained\">\n<h2 class=\"wp-block-heading\">MTP expertise serving your installation<\/h2>\n\n\n\n<div class=\"wp-block-columns is-layout-flex wp-container-core-columns-is-layout-28f84493 wp-block-columns-is-layout-flex\">\n<div class=\"wp-block-column is-layout-flow wp-block-column-is-layout-flow\">\n<h4 class=\"wp-block-heading\">Technical expertise<\/h4>\n\n\n\n<p>MTP accompagne ses clients dans le choix des produits adapt\u00e9s \u00e0 leur installation et dans la mise en place de proc\u00e9dures de nettoyage efficaces, en lien avec les \u00e9quipements utilis\u00e9s.<\/p>\n<\/div>\n\n\n\n<div class=\"wp-block-column is-layout-flow wp-block-column-is-layout-flow\">\n<h4 class=\"wp-block-heading\">Durability and support<\/h4>\n\n\n\n<p>Un entretien ma\u00eetris\u00e9 permet de pr\u00e9server les installations dans le temps et d&rsquo;assurer une qualit\u00e9 bi\u00e8re optimum permanente.<\/p>\n<\/div>\n<\/div>\n\n\n\n<p class=\"has-palette-color-7-color has-palette-color-1-background-color has-text-color has-background has-link-color has-medium-font-size wp-elements-b0be3b4a7c0424ade089b3b1313296c4\"><strong>Un nettoyage ma\u00eetris\u00e9, c\u2019est la garantie d\u2019une bi\u00e8re fid\u00e8le \u00e0 son profil, service apr\u00e8s service.<\/strong><\/p>\n<\/div>\n\n\n\n<div class=\"wp-block-group has-palette-color-1-background-color has-background is-layout-constrained wp-block-group-is-layout-constrained\" style=\"padding-top:100px;padding-bottom:100px\">\n<h2 class=\"wp-block-heading has-text-align-center has-palette-color-7-color has-text-color has-link-color wp-elements-a95ef11d3ee629363da207bfa3348362\"><strong>Besoin de conseils pour l&rsquo;entretien de votre installation ?<\/strong><\/h2>\n\n\n\n<p><em>Nos \u00e9quipes vous accompagnent dans le choix des produits et des m\u00e9thodes de nettoyage adapt\u00e9es \u00e0 votre installation de tirage pression.<\/em><\/p>\n\n\n\n<div class=\"wp-block-buttons is-layout-flex wp-block-buttons-is-layout-flex\">\n<div class=\"wp-block-button is-style-outline is-style-outline--1\"><a class=\"wp-block-button__link has-palette-color-7-color has-text-color has-link-color has-border-color has-palette-color-2-border-color wp-element-button\" href=\"https:\/\/mtp.fr\/en\/contact\/\" style=\"border-width:2px;border-radius:6px\">Contact us \ud83d\udce7<\/a><\/div>\n<\/div>\n\n\n\n<p><\/p>\n<\/div>","protected":false},"excerpt":{"rendered":"<p>A quoi servent les produits chimiques Les produits chimiques d\u00e9di\u00e9s au tirage pression permettent d\u2019assurer le nettoyage et la d\u00e9sinfection des lignes, robinets et \u00e9quipements.Ils \u00e9liminent les r\u00e9sidus, d\u00e9p\u00f4ts et d\u00e9veloppements bact\u00e9riens responsables des alt\u00e9rations de go\u00fbt, de la mousse instable et des non-conformit\u00e9s sanitaires. Utilis\u00e9s dans le cadre d\u2019une proc\u00e9dure ma\u00eetris\u00e9e, ils garantissent une [&hellip;]<\/p>\n","protected":false},"author":1,"featured_media":0,"parent":0,"menu_order":0,"comment_status":"closed","ping_status":"closed","template":"","meta":{"_uag_custom_page_level_css":"","footnotes":""},"class_list":["post-52","page","type-page","status-publish","hentry"],"blocksy_meta":{"has_hero_section":"disabled","styles_descriptor":{"styles":{"desktop":"","tablet":"","mobile":""},"google_fonts":[],"version":6}},"uagb_featured_image_src":{"full":false,"thumbnail":false,"medium":false,"medium_large":false,"large":false,"1536x1536":false,"2048x2048":false,"trp-custom-language-flag":false},"uagb_author_info":{"display_name":"lbs_admin","author_link":"https:\/\/mtp.fr\/en\/author\/lbs_admin\/"},"uagb_comment_info":0,"uagb_excerpt":"A quoi servent les produits chimiques Les produits chimiques d\u00e9di\u00e9s au tirage pression permettent d\u2019assurer le nettoyage et la d\u00e9sinfection des lignes, robinets et \u00e9quipements.Ils \u00e9liminent les r\u00e9sidus, d\u00e9p\u00f4ts et d\u00e9veloppements bact\u00e9riens responsables des alt\u00e9rations de go\u00fbt, de la mousse instable et des non-conformit\u00e9s sanitaires. Utilis\u00e9s dans le cadre d\u2019une proc\u00e9dure ma\u00eetris\u00e9e, ils garantissent une&hellip;","_links":{"self":[{"href":"https:\/\/mtp.fr\/en\/wp-json\/wp\/v2\/pages\/52","targetHints":{"allow":["GET"]}}],"collection":[{"href":"https:\/\/mtp.fr\/en\/wp-json\/wp\/v2\/pages"}],"about":[{"href":"https:\/\/mtp.fr\/en\/wp-json\/wp\/v2\/types\/page"}],"author":[{"embeddable":true,"href":"https:\/\/mtp.fr\/en\/wp-json\/wp\/v2\/users\/1"}],"replies":[{"embeddable":true,"href":"https:\/\/mtp.fr\/en\/wp-json\/wp\/v2\/comments?post=52"}],"version-history":[{"count":15,"href":"https:\/\/mtp.fr\/en\/wp-json\/wp\/v2\/pages\/52\/revisions"}],"predecessor-version":[{"id":425,"href":"https:\/\/mtp.fr\/en\/wp-json\/wp\/v2\/pages\/52\/revisions\/425"}],"wp:attachment":[{"href":"https:\/\/mtp.fr\/en\/wp-json\/wp\/v2\/media?parent=52"}],"curies":[{"name":"wp","href":"https:\/\/api.w.org\/{rel}","templated":true}]}}