{"id":245,"date":"2026-01-18T06:34:00","date_gmt":"2026-01-18T05:34:00","guid":{"rendered":"https:\/\/mtp.fr\/?page_id=245"},"modified":"2026-02-14T11:53:08","modified_gmt":"2026-02-14T10:53:08","slug":"draft-cleaner","status":"publish","type":"page","link":"https:\/\/mtp.fr\/en\/draft-cleaner\/","title":{"rendered":"Draft Cleaner Device"},"content":{"rendered":"<div class=\"wp-block-cover\" style=\"padding-top:100px;padding-right:40px;padding-bottom:100px;padding-left:40px\"><img loading=\"lazy\" decoding=\"async\" width=\"1024\" height=\"683\" class=\"wp-block-cover__image-background wp-image-420 size-large\" alt=\"\" src=\"https:\/\/mtp.fr\/wp-content\/uploads\/2026\/02\/banniere-1024x683.png\" data-object-fit=\"cover\" srcset=\"https:\/\/mtp.fr\/wp-content\/uploads\/2026\/02\/banniere-1024x683.png 1024w, https:\/\/mtp.fr\/wp-content\/uploads\/2026\/02\/banniere-300x200.png 300w, https:\/\/mtp.fr\/wp-content\/uploads\/2026\/02\/banniere-768x512.png 768w, https:\/\/mtp.fr\/wp-content\/uploads\/2026\/02\/banniere.png 1536w\" sizes=\"auto, (max-width: 1024px) 100vw, 1024px\" \/><span aria-hidden=\"true\" class=\"wp-block-cover__background has-palette-color-1-background-color has-background-dim\"><\/span><div class=\"wp-block-cover__inner-container is-layout-constrained wp-container-core-cover-is-layout-0da279a2 wp-block-cover-is-layout-constrained\">\n<p class=\"has-text-align-center has-x-large-font-size\">Draft Cleaner Device<\/p>\n\n\n\n<p class=\"has-text-align-center has-medium-font-size\"><strong>Professional and controlled cleaning of draft beer lines<\/strong><\/p>\n<\/div><\/div>\n\n\n\n<div class=\"wp-block-group is-layout-constrained wp-block-group-is-layout-constrained\" style=\"padding-top:80px;padding-bottom:80px\">\n<h2 class=\"wp-block-heading\">What is the Draft Cleaner used for?<\/h2>\n\n\n\n<p class=\"translation-block\">The Draft Cleaner device enables <strong>effective mechanical cleaning<\/strong> of draft beer lines.<br>Combined with appropriate cleaning solutions, it ensures <strong>controlled circulation<\/strong> of the fluid throughout the entire system, guaranteeing the removal of deposits, residues, and biofilms.<\/p>\n\n\n\n<p>Mechanical cleaning is essential to ensure the effectiveness of cleaning chemicals.<\/p>\n\n\n\n<div class=\"wp-block-columns is-layout-flex wp-container-core-columns-is-layout-ed9cf160 wp-block-columns-is-layout-flex\" style=\"padding-right:100px;padding-left:100px\">\n<div class=\"wp-block-column is-layout-flow wp-block-column-is-layout-flow\">\n<h4 class=\"wp-block-heading\">Key benefits<\/h4>\n\n\n\n<ul class=\"wp-block-list\">\n<li>Uniform cleaning of lines<\/li>\n\n\n\n<li>Controlled contact time<\/li>\n\n\n\n<li>Reduced health risks<\/li>\n\n\n\n<li>Consistent results<\/li>\n<\/ul>\n<\/div>\n\n\n\n<div class=\"wp-block-column is-layout-flow wp-block-column-is-layout-flow\">\n<h4 class=\"wp-block-heading\">Applicable installations<\/h4>\n\n\n\n<ul class=\"wp-block-list\">\n<li>Bars &amp; restaurants<\/li>\n\n\n\n<li>Breweries<\/li>\n\n\n\n<li>Events<\/li>\n\n\n\n<li>Multi-line installations<\/li>\n<\/ul>\n<\/div>\n<\/div>\n<\/div>\n\n\n\n<div class=\"wp-block-group has-palette-color-8-background-color has-background is-layout-constrained wp-container-core-group-is-layout-c192dcce wp-block-group-is-layout-constrained\" style=\"padding-top:80px;padding-bottom:80px\">\n<h2 class=\"wp-block-heading\">Draft Cleaner : THE cleaning solution<\/h2>\n\n\n\n<p class=\"translation-block\">MTP offers Draft Cleaner devices tailored to <strong>different installation configurations<\/strong>, ensuring regular, efficient, and safe maintenance.<\/p>\n\n\n\n<div class=\"wp-block-columns is-layout-flex wp-container-core-columns-is-layout-28f84493 wp-block-columns-is-layout-flex\">\n<div class=\"wp-block-column is-layout-flow wp-block-column-is-layout-flow\">\n<div class=\"wp-block-uagb-image uagb-block-436cdd10 wp-block-uagb-image--layout-default wp-block-uagb-image--effect-static wp-block-uagb-image--align-none\"><figure class=\"wp-block-uagb-image__figure\"><img decoding=\"async\" srcset=\"https:\/\/mtp.fr\/wp-content\/uploads\/2026\/01\/catalogue_p26-724x1024.png ,https:\/\/mtp.fr\/wp-content\/uploads\/2026\/01\/catalogue_p26-scaled.png 780w, https:\/\/mtp.fr\/wp-content\/uploads\/2026\/01\/catalogue_p26-scaled.png 360w\" sizes=\"auto, (max-width: 480px) 150px\" src=\"https:\/\/mtp.fr\/wp-content\/uploads\/2026\/01\/catalogue_p26-724x1024.png\" alt=\"\" class=\"uag-image-252\" width=\"500\" height=\"360\" title=\"catalogue_p26\" loading=\"lazy\" role=\"img\"\/><\/figure><\/div>\n<\/div>\n\n\n\n<div class=\"wp-block-column is-layout-flow wp-block-column-is-layout-flow\">\n<h3 class=\"wp-block-heading\">Draft Cleaner device for line cleaning<\/h3>\n\n\n\n<p class=\"translation-block\">Draft Cleaner devices enable controlled circulation of cleaning solutions through beer lines. Their design ensures <strong>constant pressure<\/strong>, an appropriate flow rate, and ease of use, even on complex or multi-line installations.<\/p>\n<\/div>\n<\/div>\n\n\n\t\t\t\t\t<div\n\t\t\t\t\t\tclass=\"wp-block-uagb-image-gallery uagb-block-3361ff70 ticss-16c50614\"\n\t\t\t\t\t\tstyle=\"\"\n\t\t\t\t\t>\n\t\t\t\t\t\t\t\t\t\t\t<div class=\"spectra-image-gallery spectra-image-gallery__layout--carousel\">\n\t\t\t\t\t\t\t\t<div class=\"uagb-slick-carousel uagb-block-3361ff70\">\n\t\t\t\t\t\t\t\t\t\t\t\t<div class='spectra-image-gallery__media-wrapper' data-spectra-gallery-image-id='253'>\n\t\t\t\t\t\t\t<div class=\"spectra-image-gallery__media spectra-image-gallery__media--carousel\">\n\t\t\t\t<picture>\n\t\t\t\t\t<source media=\"(min-width: 1024px)\" srcset=\"https:\/\/mtp.fr\/wp-content\/uploads\/2026\/01\/catalogue_p26-1-724x1024.png\">\n\t\t\t\t\t<source media=\"(min-width: 768px)\" srcset=\"https:\/\/mtp.fr\/wp-content\/uploads\/2026\/01\/catalogue_p26-1-724x1024.png\">\n\t\t\t\t\t<img decoding=\"async\" class=\"spectra-image-gallery__media-thumbnail spectra-image-gallery__media-thumbnail--carousel\" src=\"https:\/\/mtp.fr\/wp-content\/uploads\/2026\/01\/catalogue_p26-1-212x300.png\" alt=\"\" loading=\"lazy\" \/>\n\t\t\t\t<\/picture>\n\t\t\t\t<div class=\"spectra-image-gallery__media-thumbnail-blurrer\"><\/div>\n\t\t\t\t\t\t\t\t\t\t\t<div class=\"spectra-image-gallery__media-thumbnail-caption-wrapper spectra-image-gallery__media-thumbnail-caption-wrapper--overlay\"><\/div>\n\t\t\t\t\t\t\t\t<\/div>\n\t\t\t\t\t\t<\/div>\n\t\t\t\t\t\t<div class='spectra-image-gallery__media-wrapper' data-spectra-gallery-image-id='254'>\n\t\t\t\t\t\t\t<div class=\"spectra-image-gallery__media spectra-image-gallery__media--carousel\">\n\t\t\t\t<picture>\n\t\t\t\t\t<source media=\"(min-width: 1024px)\" srcset=\"https:\/\/mtp.fr\/wp-content\/uploads\/2026\/01\/catalogue_p28-724x1024.png\">\n\t\t\t\t\t<source media=\"(min-width: 768px)\" srcset=\"https:\/\/mtp.fr\/wp-content\/uploads\/2026\/01\/catalogue_p28-724x1024.png\">\n\t\t\t\t\t<img decoding=\"async\" class=\"spectra-image-gallery__media-thumbnail spectra-image-gallery__media-thumbnail--carousel\" src=\"https:\/\/mtp.fr\/wp-content\/uploads\/2026\/01\/catalogue_p28-212x300.png\" alt=\"\" loading=\"lazy\" \/>\n\t\t\t\t<\/picture>\n\t\t\t\t<div class=\"spectra-image-gallery__media-thumbnail-blurrer\"><\/div>\n\t\t\t\t\t\t\t\t\t\t\t<div class=\"spectra-image-gallery__media-thumbnail-caption-wrapper spectra-image-gallery__media-thumbnail-caption-wrapper--overlay\"><\/div>\n\t\t\t\t\t\t\t\t<\/div>\n\t\t\t\t\t\t<\/div>\n\t\t\t\t\t\t\t\t\t\t\t<\/div>\n\t\t\t\t\t\t\t<\/div>\n\t\t\t\t\t\t\t\t\t\t\t<\/div>\n\t\t\t\t\t\t\t\t\t\t\t<div class='spectra-image-gallery__control-lightbox' tabindex='0'>\n\t\t\t\t\t\t\t\t\t\t\t<div class=\"swiper spectra-image-gallery__control-lightbox--main\" dir=\"\">\n\t\t\t\t\t<div class=\"swiper-wrapper\">\n\t\t\t\t\t\t\t\t\t\t\t\t\t\n\t\t\t\t\t\t\t<div class=\"swiper-slide\">\n\t\t\t\t\t\t\t\t<img class=\"swiper-lazy\" data-src=\"https:\/\/mtp.fr\/wp-content\/uploads\/2026\/01\/catalogue_p26-1-scaled.png\" alt=\"\"\/>\n\t\t\t\t\t\t\t\t<div class=\"swiper-lazy-preloader swiper-lazy-preloader-white\"><\/div>\n\t\t\t\t\t\t\t\t\t\t\t\t\t\t\t<\/div>\n\t\t\t\t\t\t\t\t\t\t\t\t\t\n\t\t\t\t\t\t\t<div class=\"swiper-slide\">\n\t\t\t\t\t\t\t\t<img class=\"swiper-lazy\" data-src=\"https:\/\/mtp.fr\/wp-content\/uploads\/2026\/01\/catalogue_p28-scaled.png\" alt=\"\"\/>\n\t\t\t\t\t\t\t\t<div class=\"swiper-lazy-preloader swiper-lazy-preloader-white\"><\/div>\n\t\t\t\t\t\t\t\t\t\t\t\t\t\t\t<\/div>\n\t\t\t\t\t\t\t\t\t\t\t<\/div>\n\t\t\t\t\t<div class=\"swiper-button-next\"><\/div>\n\t\t\t\t\t<div class=\"swiper-button-prev\"><\/div>\n\t\t\t\t<\/div>\t\t\t\n\t\t\t\t\t\t\t\t\t\t\t\t\t\t\t\t\t\t\t\t\t\t\t\t\t\t\t\t\t\t\t\t<button class='spectra-image-gallery__control-lightbox--close' aria-label=\"Close\">\n\t\t\t\t\t\t\t\t\t\t\t\t\t<svg xmlns=\"https:\/\/www.w3.org\/2000\/svg\" viewbox= \"0 0 320 512\"><path d=\"M310.6 361.4c12.5 12.5 12.5 32.75 0 45.25C304.4 412.9 296.2 416 288 416s-16.38-3.125-22.62-9.375L160 301.3L54.63 406.6C48.38 412.9 40.19 416 32 416S15.63 412.9 9.375 406.6c-12.5-12.5-12.5-32.75 0-45.25l105.4-105.4L9.375 150.6c-12.5-12.5-12.5-32.75 0-45.25s32.75-12.5 45.25 0L160 210.8l105.4-105.4c12.5-12.5 32.75-12.5 45.25 0s12.5 32.75 0 45.25l-105.4 105.4L310.6 361.4z\"><\/path><\/svg>\n\t\t\t\t\t\t\t\t\t\t\t\t<\/button>\n\t\t\t\t\t\t\t\t\t\t\t\t\t<\/div>\n\t\t\t\t\t\t\t\t\t<\/div>\n\n\n\n<div class=\"wp-block-group is-layout-constrained wp-block-group-is-layout-constrained\">\n<h2 class=\"wp-block-heading\">Draft Cleaner in action<\/h2>\n\n\n\n<figure class=\"wp-block-video\"><video height=\"756\" style=\"aspect-ratio: 1344 \/ 756;\" width=\"1344\" controls muted src=\"https:\/\/mtp.fr\/wp-content\/uploads\/2026\/02\/VID_20250912_180607.mp4\" playsinline><\/video><\/figure>\n<\/div>\n\n\n\n<div class=\"wp-block-group is-layout-constrained wp-block-group-is-layout-constrained\" style=\"padding-top:80px;padding-bottom:80px\">\n<h2 class=\"wp-block-heading\">Integration into maintenance<\/h2>\n\n\n\n<p class=\"translation-block\">The Draft Cleaner device is integrated into a <strong>regular maintenance procedure<\/strong>, defined according to the type of installation and frequency of use.<br>At MTP, cleaning is considered a key element of <strong>overall draft beer system performance<\/strong>.<\/p>\n<\/div>\n\n\n\n<div class=\"wp-block-group has-palette-color-8-background-color has-background is-layout-constrained wp-block-group-is-layout-constrained\">\n<h2 class=\"wp-block-heading\">MTP expertise serving your installation<\/h2>\n\n\n\n<div class=\"wp-block-columns is-layout-flex wp-container-core-columns-is-layout-28f84493 wp-block-columns-is-layout-flex\">\n<div class=\"wp-block-column is-layout-flow wp-block-column-is-layout-flow\">\n<h4 class=\"wp-block-heading\">Technical expertise<\/h4>\n\n\n\n<p>MTP supports its clients in selecting the most suitable cleaning equipment and implementing effective procedures, ensuring consistent service quality.<\/p>\n<\/div>\n\n\n\n<div class=\"wp-block-column is-layout-flow wp-block-column-is-layout-flow\">\n<h4 class=\"wp-block-heading\">Support and durability<\/h4>\n\n\n\n<p>Regular and controlled cleaning helps extend the lifespan of installations, reduce corrective interventions, and ensure sanitary compliance.<\/p>\n<\/div>\n<\/div>\n\n\n\n<p class=\"has-palette-color-7-color has-palette-color-1-background-color has-text-color has-background has-link-color has-medium-font-size wp-elements-d380d2b4987e31c63c00e5c8a3782de5\"><strong>Properly controlled cleaning ensures a reliable and compliant draft beer system over time.<\/strong><\/p>\n<\/div>\n\n\n\n<div class=\"wp-block-group has-palette-color-1-background-color has-background is-layout-constrained wp-block-group-is-layout-constrained\" style=\"padding-top:100px;padding-bottom:100px\">\n<h2 class=\"wp-block-heading has-text-align-center has-palette-color-7-color has-text-color has-link-color wp-elements-9acdf9a9dce979dd356ecb31a8909eac\"><strong>Need a cleaning solution tailored to your installation?<\/strong><\/h2>\n\n\n\n<p><em>Our teams advise you in defining an effective cleaning method tailored to your draft beer equipment.<\/em><\/p>\n\n\n\n<div class=\"wp-block-buttons is-layout-flex wp-block-buttons-is-layout-flex\">\n<div class=\"wp-block-button is-style-outline is-style-outline--1\"><a class=\"wp-block-button__link has-palette-color-7-color has-text-color has-link-color has-border-color has-palette-color-2-border-color wp-element-button\" href=\"https:\/\/mtp.fr\/en\/contact\/\" style=\"border-width:2px;border-radius:6px\">Contact us \ud83d\udce7<\/a><\/div>\n<\/div>\n\n\n\n<p><\/p>\n<\/div>","protected":false},"excerpt":{"rendered":"<p>A quoi sert l&rsquo;appareil Draft Cleaner ? L\u2019appareil Draft Cleaner permet de r\u00e9aliser un nettoyage m\u00e9canique efficace des lignes de tirage pression.Associ\u00e9 aux produits de nettoyage adapt\u00e9s, il assure une circulation contr\u00f4l\u00e9e de la solution dans l\u2019ensemble du circuit, garantissant l\u2019\u00e9limination des d\u00e9p\u00f4ts, r\u00e9sidus et biofilms. Le nettoyage m\u00e9canique est indispensable pour garantir l\u2019efficacit\u00e9 des [&hellip;]<\/p>\n","protected":false},"author":1,"featured_media":0,"parent":0,"menu_order":0,"comment_status":"closed","ping_status":"closed","template":"","meta":{"_uag_custom_page_level_css":"","footnotes":""},"class_list":["post-245","page","type-page","status-publish","hentry"],"blocksy_meta":{"has_hero_section":"disabled","styles_descriptor":{"styles":{"desktop":"","tablet":"","mobile":""},"google_fonts":[],"version":6}},"uagb_featured_image_src":{"full":false,"thumbnail":false,"medium":false,"medium_large":false,"large":false,"1536x1536":false,"2048x2048":false,"trp-custom-language-flag":false},"uagb_author_info":{"display_name":"lbs_admin","author_link":"https:\/\/mtp.fr\/en\/author\/lbs_admin\/"},"uagb_comment_info":0,"uagb_excerpt":"A quoi sert l&rsquo;appareil Draft Cleaner ? L\u2019appareil Draft Cleaner permet de r\u00e9aliser un nettoyage m\u00e9canique efficace des lignes de tirage pression.Associ\u00e9 aux produits de nettoyage adapt\u00e9s, il assure une circulation contr\u00f4l\u00e9e de la solution dans l\u2019ensemble du circuit, garantissant l\u2019\u00e9limination des d\u00e9p\u00f4ts, r\u00e9sidus et biofilms. Le nettoyage m\u00e9canique est indispensable pour garantir l\u2019efficacit\u00e9 des&hellip;","_links":{"self":[{"href":"https:\/\/mtp.fr\/en\/wp-json\/wp\/v2\/pages\/245","targetHints":{"allow":["GET"]}}],"collection":[{"href":"https:\/\/mtp.fr\/en\/wp-json\/wp\/v2\/pages"}],"about":[{"href":"https:\/\/mtp.fr\/en\/wp-json\/wp\/v2\/types\/page"}],"author":[{"embeddable":true,"href":"https:\/\/mtp.fr\/en\/wp-json\/wp\/v2\/users\/1"}],"replies":[{"embeddable":true,"href":"https:\/\/mtp.fr\/en\/wp-json\/wp\/v2\/comments?post=245"}],"version-history":[{"count":10,"href":"https:\/\/mtp.fr\/en\/wp-json\/wp\/v2\/pages\/245\/revisions"}],"predecessor-version":[{"id":442,"href":"https:\/\/mtp.fr\/en\/wp-json\/wp\/v2\/pages\/245\/revisions\/442"}],"wp:attachment":[{"href":"https:\/\/mtp.fr\/en\/wp-json\/wp\/v2\/media?parent=245"}],"curies":[{"name":"wp","href":"https:\/\/api.w.org\/{rel}","templated":true}]}}