{"id":228,"date":"2026-01-18T05:58:40","date_gmt":"2026-01-18T04:58:40","guid":{"rendered":"https:\/\/mtp.fr\/?page_id=228"},"modified":"2026-02-14T11:22:34","modified_gmt":"2026-02-14T10:22:34","slug":"edraft","status":"publish","type":"page","link":"https:\/\/mtp.fr\/en\/edraft\/","title":{"rendered":"EDraft"},"content":{"rendered":"<div class=\"wp-block-cover\" style=\"padding-top:100px;padding-right:40px;padding-bottom:100px;padding-left:40px\"><img loading=\"lazy\" decoding=\"async\" width=\"1024\" height=\"683\" class=\"wp-block-cover__image-background wp-image-414 size-large\" alt=\"\" src=\"https:\/\/mtp.fr\/wp-content\/uploads\/2026\/02\/bannieres-2-1024x683.png\" style=\"object-position:75% 41%\" data-object-fit=\"cover\" data-object-position=\"75% 41%\" srcset=\"https:\/\/mtp.fr\/wp-content\/uploads\/2026\/02\/bannieres-2-1024x683.png 1024w, https:\/\/mtp.fr\/wp-content\/uploads\/2026\/02\/bannieres-2-300x200.png 300w, https:\/\/mtp.fr\/wp-content\/uploads\/2026\/02\/bannieres-2-768x512.png 768w, https:\/\/mtp.fr\/wp-content\/uploads\/2026\/02\/bannieres-2.png 1536w\" sizes=\"auto, (max-width: 1024px) 100vw, 1024px\" \/><span aria-hidden=\"true\" class=\"wp-block-cover__background has-palette-color-1-background-color has-background-dim\"><\/span><div class=\"wp-block-cover__inner-container is-layout-constrained wp-container-core-cover-is-layout-0da279a2 wp-block-cover-is-layout-constrained\">\n<p class=\"has-text-align-center has-x-large-font-size\">EDraft &#8211; Solution de tirage pression<\/p>\n\n\n\n<p class=\"has-text-align-center has-medium-font-size\"><strong>Simplicit\u00e9 d\u2019utilisation et qualit\u00e9 professionnelle du service<\/strong><\/p>\n<\/div><\/div>\n\n\n\n<div class=\"wp-block-group is-layout-constrained wp-block-group-is-layout-constrained\" style=\"padding-top:80px;padding-bottom:80px\">\n<h2 class=\"wp-block-heading\">A quoi sert la solution EDraft ?<\/h2>\n\n\n\n<p>La solution EDraft est con\u00e7ue pour proposer un <strong>tirage pression simplifi\u00e9<\/strong>, tout en conservant une <strong>qualit\u00e9 de service constante<\/strong>.<br>Elle int\u00e8gre dans un format compact les fonctions essentielles du tirage, facilitant la mise en \u0153uvre, l\u2019utilisation et la maintenance.<\/p>\n\n\n\n<p>EDraft s\u2019adresse aux \u00e9tablissements souhaitant une solution <strong>rapide \u00e0 d\u00e9ployer<\/strong>, fiable et adapt\u00e9e \u00e0 des usages r\u00e9guliers ou ponctuels.<\/p>\n\n\n\n<p>EDraft r\u00e9pond \u00e0 des besoins sp\u00e9cifiques o\u00f9 la simplicit\u00e9 et la ma\u00eetrise du service sont prioritaires.<\/p>\n\n\n\n<div class=\"wp-block-columns is-layout-flex wp-container-core-columns-is-layout-ed9cf160 wp-block-columns-is-layout-flex\" style=\"padding-right:100px;padding-left:100px\">\n<div class=\"wp-block-column is-layout-flow wp-block-column-is-layout-flow\">\n<h4 class=\"wp-block-heading\">Avantages cl\u00e9s<\/h4>\n\n\n\n<ul class=\"wp-block-list\">\n<li>Mise en service rapide<\/li>\n\n\n\n<li>Format compact<\/li>\n\n\n\n<li>Utilisation intuitive<\/li>\n\n\n\n<li>Qualit\u00e9 de tirage ma\u00eetris\u00e9e<\/li>\n\n\n\n<li>Sans sanitation<\/li>\n\n\n\n<li>Syst\u00e8me de f\u00fbts jetables \u00e0 poche<\/li>\n\n\n\n<li>Conservation 3 semaines apr\u00e8s percussions<\/li>\n\n\n\n<li>Tirage \u00e0 l&rsquo;air comprim\u00e9<\/li>\n<\/ul>\n<\/div>\n\n\n\n<div class=\"wp-block-column is-layout-flow wp-block-column-is-layout-flow\">\n<h4 class=\"wp-block-heading\">Contexte d&rsquo;utilisation<\/h4>\n\n\n\n<ul class=\"wp-block-list\">\n<li>Bars et lieux \u00e9v\u00e9nementiels<\/li>\n\n\n\n<li>Restaurants<\/li>\n\n\n\n<li>Faible \u00e0 moyen d\u00e9bit<\/li>\n\n\n\n<li>Espaces temporaires<\/li>\n\n\n\n<li>Mobile points of sale<\/li>\n\n\n\n<li>Usage professionnel simplifi\u00e9<\/li>\n<\/ul>\n<\/div>\n<\/div>\n\n\n\n<p><em>Que ce soit pour un service rapide en bar, une solution mobile lors d\u2019\u00e9v\u00e9nements ou une installation discr\u00e8te en restauration, l\u2019eDraft s\u2019adapte \u00e0 tous les besoins de tirage.<\/em><\/p>\n<\/div>\n\n\n\n<div class=\"wp-block-group has-palette-color-8-background-color has-background is-layout-constrained wp-container-core-group-is-layout-c192dcce wp-block-group-is-layout-constrained\" style=\"padding-top:80px;padding-bottom:80px\">\n<h2 class=\"wp-block-heading\">Les solutions EDraft<\/h2>\n\n\n\n<p>MTP propose la solution eDraft dans une logique d\u2019<strong>int\u00e9gration ma\u00eetris\u00e9e<\/strong>, en tenant compte des contraintes d\u2019exploitation et des besoins sp\u00e9cifiques de chaque \u00e9tablissement.<\/p>\n\n\n\n<div class=\"wp-block-columns is-layout-flex wp-container-core-columns-is-layout-28f84493 wp-block-columns-is-layout-flex\">\n<div class=\"wp-block-column is-layout-flow wp-block-column-is-layout-flow\">\n<div class=\"wp-block-uagb-image uagb-block-436cdd10 wp-block-uagb-image--layout-default wp-block-uagb-image--effect-static wp-block-uagb-image--align-none\"><figure class=\"wp-block-uagb-image__figure\"><img decoding=\"async\" srcset=\"https:\/\/mtp.fr\/wp-content\/uploads\/2026\/01\/edraft-10.png ,https:\/\/mtp.fr\/wp-content\/uploads\/2026\/01\/edraft-10.png 780w, https:\/\/mtp.fr\/wp-content\/uploads\/2026\/01\/edraft-10.png 360w\" sizes=\"auto, (max-width: 480px) 150px\" src=\"https:\/\/mtp.fr\/wp-content\/uploads\/2026\/01\/edraft-10.png\" alt=\"\" class=\"uag-image-239\" width=\"500\" height=\"360\" title=\"edraft-10\" loading=\"lazy\" role=\"img\"\/><\/figure><\/div>\n<\/div>\n\n\n\n<div class=\"wp-block-column is-layout-flow wp-block-column-is-layout-flow\">\n<h3 class=\"wp-block-heading\">Syst\u00e8me EDraft compact<\/h3>\n\n\n\n<p>Le syst\u00e8me eDraft regroupe les fonctions essentielles du tirage pression dans un \u00e9quipement compact et autonome. Il permet de garantir une <strong>consistent temperature<\/strong>, un d\u00e9bit r\u00e9gulier et une exp\u00e9rience utilisateur fluide, sans complexit\u00e9 d\u2019installation.<\/p>\n<\/div>\n<\/div>\n\n\n\t\t\t\t\t<div\n\t\t\t\t\t\tclass=\"wp-block-uagb-image-gallery uagb-block-3361ff70 ticss-296b06b8\"\n\t\t\t\t\t\tstyle=\"\"\n\t\t\t\t\t>\n\t\t\t\t\t\t\t\t\t\t\t<div class=\"spectra-image-gallery spectra-image-gallery__layout--carousel\">\n\t\t\t\t\t\t\t\t<div class=\"uagb-slick-carousel uagb-block-3361ff70\">\n\t\t\t\t\t\t\t\t\t\t\t\t<div class='spectra-image-gallery__media-wrapper' data-spectra-gallery-image-id='240'>\n\t\t\t\t\t\t\t<div class=\"spectra-image-gallery__media spectra-image-gallery__media--carousel\">\n\t\t\t\t<picture>\n\t\t\t\t\t<source media=\"(min-width: 1024px)\" srcset=\"https:\/\/mtp.fr\/wp-content\/uploads\/2026\/01\/all-edraft.png\">\n\t\t\t\t\t<source media=\"(min-width: 768px)\" srcset=\"https:\/\/mtp.fr\/wp-content\/uploads\/2026\/01\/all-edraft.png\">\n\t\t\t\t\t<img decoding=\"async\" class=\"spectra-image-gallery__media-thumbnail spectra-image-gallery__media-thumbnail--carousel\" src=\"https:\/\/mtp.fr\/wp-content\/uploads\/2026\/01\/all-edraft-300x270.png\" alt=\"\" loading=\"lazy\" \/>\n\t\t\t\t<\/picture>\n\t\t\t\t<div class=\"spectra-image-gallery__media-thumbnail-blurrer\"><\/div>\n\t\t\t\t\t\t\t\t\t\t\t<div class=\"spectra-image-gallery__media-thumbnail-caption-wrapper spectra-image-gallery__media-thumbnail-caption-wrapper--overlay\"><\/div>\n\t\t\t\t\t\t\t\t<\/div>\n\t\t\t\t\t\t<\/div>\n\t\t\t\t\t\t<div class='spectra-image-gallery__media-wrapper' data-spectra-gallery-image-id='241'>\n\t\t\t\t\t\t\t<div class=\"spectra-image-gallery__media spectra-image-gallery__media--carousel\">\n\t\t\t\t<picture>\n\t\t\t\t\t<source media=\"(min-width: 1024px)\" srcset=\"https:\/\/mtp.fr\/wp-content\/uploads\/2026\/01\/edraft3.png\">\n\t\t\t\t\t<source media=\"(min-width: 768px)\" srcset=\"https:\/\/mtp.fr\/wp-content\/uploads\/2026\/01\/edraft3.png\">\n\t\t\t\t\t<img decoding=\"async\" class=\"spectra-image-gallery__media-thumbnail spectra-image-gallery__media-thumbnail--carousel\" src=\"https:\/\/mtp.fr\/wp-content\/uploads\/2026\/01\/edraft3-300x290.png\" alt=\"\" loading=\"lazy\" \/>\n\t\t\t\t<\/picture>\n\t\t\t\t<div class=\"spectra-image-gallery__media-thumbnail-blurrer\"><\/div>\n\t\t\t\t\t\t\t\t\t\t\t<div class=\"spectra-image-gallery__media-thumbnail-caption-wrapper spectra-image-gallery__media-thumbnail-caption-wrapper--overlay\"><\/div>\n\t\t\t\t\t\t\t\t<\/div>\n\t\t\t\t\t\t<\/div>\n\t\t\t\t\t\t<div class='spectra-image-gallery__media-wrapper' data-spectra-gallery-image-id='242'>\n\t\t\t\t\t\t\t<div class=\"spectra-image-gallery__media spectra-image-gallery__media--carousel\">\n\t\t\t\t<picture>\n\t\t\t\t\t<source media=\"(min-width: 1024px)\" srcset=\"https:\/\/mtp.fr\/wp-content\/uploads\/2026\/01\/edraft-10-1.png\">\n\t\t\t\t\t<source media=\"(min-width: 768px)\" srcset=\"https:\/\/mtp.fr\/wp-content\/uploads\/2026\/01\/edraft-10-1.png\">\n\t\t\t\t\t<img decoding=\"async\" class=\"spectra-image-gallery__media-thumbnail spectra-image-gallery__media-thumbnail--carousel\" src=\"https:\/\/mtp.fr\/wp-content\/uploads\/2026\/01\/edraft-10-1-180x300.png\" alt=\"\" loading=\"lazy\" \/>\n\t\t\t\t<\/picture>\n\t\t\t\t<div class=\"spectra-image-gallery__media-thumbnail-blurrer\"><\/div>\n\t\t\t\t\t\t\t\t\t\t\t<div class=\"spectra-image-gallery__media-thumbnail-caption-wrapper spectra-image-gallery__media-thumbnail-caption-wrapper--overlay\"><\/div>\n\t\t\t\t\t\t\t\t<\/div>\n\t\t\t\t\t\t<\/div>\n\t\t\t\t\t\t<div class='spectra-image-gallery__media-wrapper' data-spectra-gallery-image-id='243'>\n\t\t\t\t\t\t\t<div class=\"spectra-image-gallery__media spectra-image-gallery__media--carousel\">\n\t\t\t\t<picture>\n\t\t\t\t\t<source media=\"(min-width: 1024px)\" srcset=\"https:\/\/mtp.fr\/wp-content\/uploads\/2026\/01\/edraft-pod.png\">\n\t\t\t\t\t<source media=\"(min-width: 768px)\" srcset=\"https:\/\/mtp.fr\/wp-content\/uploads\/2026\/01\/edraft-pod.png\">\n\t\t\t\t\t<img decoding=\"async\" class=\"spectra-image-gallery__media-thumbnail spectra-image-gallery__media-thumbnail--carousel\" src=\"https:\/\/mtp.fr\/wp-content\/uploads\/2026\/01\/edraft-pod-283x300.png\" alt=\"\" loading=\"lazy\" \/>\n\t\t\t\t<\/picture>\n\t\t\t\t<div class=\"spectra-image-gallery__media-thumbnail-blurrer\"><\/div>\n\t\t\t\t\t\t\t\t\t\t\t<div class=\"spectra-image-gallery__media-thumbnail-caption-wrapper spectra-image-gallery__media-thumbnail-caption-wrapper--overlay\"><\/div>\n\t\t\t\t\t\t\t\t<\/div>\n\t\t\t\t\t\t<\/div>\n\t\t\t\t\t\t\t\t\t\t\t<\/div>\n\t\t\t\t\t\t\t<\/div>\n\t\t\t\t\t\t\t\t\t\t\t<\/div>\n\t\t\t\t\t\t\t\t\t\t\t<div class='spectra-image-gallery__control-lightbox' tabindex='0'>\n\t\t\t\t\t\t\t\t\t\t\t<div class=\"swiper spectra-image-gallery__control-lightbox--main\" dir=\"\">\n\t\t\t\t\t<div class=\"swiper-wrapper\">\n\t\t\t\t\t\t\t\t\t\t\t\t\t\n\t\t\t\t\t\t\t<div class=\"swiper-slide\">\n\t\t\t\t\t\t\t\t<img class=\"swiper-lazy\" data-src=\"https:\/\/mtp.fr\/wp-content\/uploads\/2026\/01\/all-edraft.png\" alt=\"\"\/>\n\t\t\t\t\t\t\t\t<div class=\"swiper-lazy-preloader swiper-lazy-preloader-white\"><\/div>\n\t\t\t\t\t\t\t\t\t\t\t\t\t\t\t<\/div>\n\t\t\t\t\t\t\t\t\t\t\t\t\t\n\t\t\t\t\t\t\t<div class=\"swiper-slide\">\n\t\t\t\t\t\t\t\t<img class=\"swiper-lazy\" data-src=\"https:\/\/mtp.fr\/wp-content\/uploads\/2026\/01\/edraft3.png\" alt=\"\"\/>\n\t\t\t\t\t\t\t\t<div class=\"swiper-lazy-preloader swiper-lazy-preloader-white\"><\/div>\n\t\t\t\t\t\t\t\t\t\t\t\t\t\t\t<\/div>\n\t\t\t\t\t\t\t\t\t\t\t\t\t\n\t\t\t\t\t\t\t<div class=\"swiper-slide\">\n\t\t\t\t\t\t\t\t<img class=\"swiper-lazy\" data-src=\"https:\/\/mtp.fr\/wp-content\/uploads\/2026\/01\/edraft-10-1.png\" alt=\"\"\/>\n\t\t\t\t\t\t\t\t<div class=\"swiper-lazy-preloader swiper-lazy-preloader-white\"><\/div>\n\t\t\t\t\t\t\t\t\t\t\t\t\t\t\t<\/div>\n\t\t\t\t\t\t\t\t\t\t\t\t\t\n\t\t\t\t\t\t\t<div class=\"swiper-slide\">\n\t\t\t\t\t\t\t\t<img class=\"swiper-lazy\" data-src=\"https:\/\/mtp.fr\/wp-content\/uploads\/2026\/01\/edraft-pod.png\" alt=\"\"\/>\n\t\t\t\t\t\t\t\t<div class=\"swiper-lazy-preloader swiper-lazy-preloader-white\"><\/div>\n\t\t\t\t\t\t\t\t\t\t\t\t\t\t\t<\/div>\n\t\t\t\t\t\t\t\t\t\t\t<\/div>\n\t\t\t\t\t<div class=\"swiper-button-next\"><\/div>\n\t\t\t\t\t<div class=\"swiper-button-prev\"><\/div>\n\t\t\t\t<\/div>\t\t\t\n\t\t\t\t\t\t\t\t\t\t\t\t\t\t\t\t\t\t\t\t\t\t\t\t\t\t\t\t\t\t\t\t<button class='spectra-image-gallery__control-lightbox--close' aria-label=\"Close\">\n\t\t\t\t\t\t\t\t\t\t\t\t\t<svg xmlns=\"https:\/\/www.w3.org\/2000\/svg\" viewbox= \"0 0 320 512\"><path d=\"M310.6 361.4c12.5 12.5 12.5 32.75 0 45.25C304.4 412.9 296.2 416 288 416s-16.38-3.125-22.62-9.375L160 301.3L54.63 406.6C48.38 412.9 40.19 416 32 416S15.63 412.9 9.375 406.6c-12.5-12.5-12.5-32.75 0-45.25l105.4-105.4L9.375 150.6c-12.5-12.5-12.5-32.75 0-45.25s32.75-12.5 45.25 0L160 210.8l105.4-105.4c12.5-12.5 32.75-12.5 45.25 0s12.5 32.75 0 45.25l-105.4 105.4L310.6 361.4z\"><\/path><\/svg>\n\t\t\t\t\t\t\t\t\t\t\t\t<\/button>\n\t\t\t\t\t\t\t\t\t\t\t\t\t<\/div>\n\t\t\t\t\t\t\t\t\t<\/div>\n\n\n\n<div class=\"wp-block-group is-layout-constrained wp-block-group-is-layout-constrained\" style=\"padding-top:80px;padding-bottom:80px\">\n<h2 class=\"wp-block-heading\">Cas d&rsquo;usage et int\u00e9gration<\/h2>\n\n\n\n<p>La solution eDraft s\u2019int\u00e8gre facilement dans diff\u00e9rents environnements, sans n\u00e9cessiter d\u2019infrastructure lourde.<br>Elle constitue une alternative pertinente pour des installations temporaires ou des projets recherchant une <strong>solution compacte, fiable et rapide \u00e0 exploiter<\/strong>.<\/p>\n<\/div>\n\n\n\n<div class=\"wp-block-group has-palette-color-8-background-color has-background is-layout-constrained wp-block-group-is-layout-constrained\">\n<h2 class=\"wp-block-heading\">MTP expertise serving your installation<\/h2>\n\n\n\n<div class=\"wp-block-columns is-layout-flex wp-container-core-columns-is-layout-28f84493 wp-block-columns-is-layout-flex\">\n<div class=\"wp-block-column is-layout-flow wp-block-column-is-layout-flow\">\n<h4 class=\"wp-block-heading\">Technical expertise<\/h4>\n\n\n\n<p>MTP accompagne ses clients dans le choix et l\u2019int\u00e9gration de la solution eDraft afin de garantir une utilisation adapt\u00e9e, stable et conforme aux exigences professionnelles.<\/p>\n<\/div>\n\n\n\n<div class=\"wp-block-column is-layout-flow wp-block-column-is-layout-flow\">\n<h4 class=\"wp-block-heading\">Durability and support<\/h4>\n\n\n\n<p>Nos \u00e9quipes assurent le suivi, le conseil et la maintenance pour s\u00e9curiser l\u2019exploitation et prolonger la dur\u00e9e de vie des \u00e9quipements.<\/p>\n<\/div>\n<\/div>\n\n\n\n<p class=\"has-palette-color-7-color has-palette-color-1-background-color has-text-color has-background has-link-color has-medium-font-size wp-elements-c260ce591944eba76893e00202b3241b\"><strong>Une solution simple n\u2019exclut jamais une qualit\u00e9 de tirage professionnelle.<\/strong><\/p>\n<\/div>\n\n\n\n<div class=\"wp-block-group has-palette-color-1-background-color has-background is-layout-constrained wp-block-group-is-layout-constrained\" style=\"padding-top:100px;padding-bottom:100px\">\n<h2 class=\"wp-block-heading has-text-align-center has-palette-color-7-color has-text-color has-link-color wp-elements-0214815c32c8e851c6e7903a9158741d\"><strong>Vous souhaitez savoir si la solution eDraft est adapt\u00e9e \u00e0 votre projet ?<\/strong><\/h2>\n\n\n\n<p><em>Nos \u00e9quipes vous conseillent pour \u00e9valuer la pertinence de la solution eDraft selon votre usage et vos contraintes d\u2019exploitation.<\/em><\/p>\n\n\n\n<div class=\"wp-block-buttons is-layout-flex wp-block-buttons-is-layout-flex\">\n<div class=\"wp-block-button is-style-outline is-style-outline--1\"><a class=\"wp-block-button__link has-palette-color-7-color has-text-color has-link-color has-border-color has-palette-color-2-border-color wp-element-button\" href=\"https:\/\/mtp.fr\/en\/contact\/\" style=\"border-width:2px;border-radius:6px\">Contact us \ud83d\udce7<\/a><\/div>\n<\/div>\n\n\n\n<p><\/p>\n<\/div>","protected":false},"excerpt":{"rendered":"<p>A quoi sert la solution EDraft ? La solution EDraft est con\u00e7ue pour proposer un tirage pression simplifi\u00e9, tout en conservant une qualit\u00e9 de service constante.Elle int\u00e8gre dans un format compact les fonctions essentielles du tirage, facilitant la mise en \u0153uvre, l\u2019utilisation et la maintenance. EDraft s\u2019adresse aux \u00e9tablissements souhaitant une solution rapide \u00e0 d\u00e9ployer, [&hellip;]<\/p>\n","protected":false},"author":1,"featured_media":0,"parent":0,"menu_order":0,"comment_status":"closed","ping_status":"closed","template":"","meta":{"_uag_custom_page_level_css":"","footnotes":""},"class_list":["post-228","page","type-page","status-publish","hentry"],"blocksy_meta":{"has_hero_section":"disabled","styles_descriptor":{"styles":{"desktop":"","tablet":"","mobile":""},"google_fonts":[],"version":6}},"uagb_featured_image_src":{"full":false,"thumbnail":false,"medium":false,"medium_large":false,"large":false,"1536x1536":false,"2048x2048":false,"trp-custom-language-flag":false},"uagb_author_info":{"display_name":"lbs_admin","author_link":"https:\/\/mtp.fr\/en\/author\/lbs_admin\/"},"uagb_comment_info":0,"uagb_excerpt":"A quoi sert la solution EDraft ? La solution EDraft est con\u00e7ue pour proposer un tirage pression simplifi\u00e9, tout en conservant une qualit\u00e9 de service constante.Elle int\u00e8gre dans un format compact les fonctions essentielles du tirage, facilitant la mise en \u0153uvre, l\u2019utilisation et la maintenance. EDraft s\u2019adresse aux \u00e9tablissements souhaitant une solution rapide \u00e0 d\u00e9ployer,&hellip;","_links":{"self":[{"href":"https:\/\/mtp.fr\/en\/wp-json\/wp\/v2\/pages\/228","targetHints":{"allow":["GET"]}}],"collection":[{"href":"https:\/\/mtp.fr\/en\/wp-json\/wp\/v2\/pages"}],"about":[{"href":"https:\/\/mtp.fr\/en\/wp-json\/wp\/v2\/types\/page"}],"author":[{"embeddable":true,"href":"https:\/\/mtp.fr\/en\/wp-json\/wp\/v2\/users\/1"}],"replies":[{"embeddable":true,"href":"https:\/\/mtp.fr\/en\/wp-json\/wp\/v2\/comments?post=228"}],"version-history":[{"count":13,"href":"https:\/\/mtp.fr\/en\/wp-json\/wp\/v2\/pages\/228\/revisions"}],"predecessor-version":[{"id":424,"href":"https:\/\/mtp.fr\/en\/wp-json\/wp\/v2\/pages\/228\/revisions\/424"}],"wp:attachment":[{"href":"https:\/\/mtp.fr\/en\/wp-json\/wp\/v2\/media?parent=228"}],"curies":[{"name":"wp","href":"https:\/\/api.w.org\/{rel}","templated":true}]}}