{"id":11,"date":"2025-11-23T11:03:55","date_gmt":"2025-11-23T10:03:55","guid":{"rendered":"https:\/\/mtp.fr\/?page_id=11"},"modified":"2026-02-17T14:12:54","modified_gmt":"2026-02-17T13:12:54","slug":"contact","status":"publish","type":"page","link":"https:\/\/mtp.fr\/en\/contact\/","title":{"rendered":"Contact"},"content":{"rendered":"<div class=\"wp-block-cover alignfull\" style=\"min-height:30vh;aspect-ratio:unset;\"><span aria-hidden=\"true\" class=\"wp-block-cover__background has-palette-color-1-background-color has-background-dim-70 has-background-dim\"><\/span><div class=\"wp-block-cover__inner-container is-layout-constrained wp-block-cover-is-layout-constrained\">\n<p class=\"has-text-align-center\" style=\"font-size:clamp(22.041px, 1.378rem + ((1vw - 3.2px) * 1.091), 36px);font-style:normal;font-weight:600\">Contactez nous<\/p>\n\n\n\n<p class=\"has-text-align-center has-palette-color-8-color has-text-color has-link-color wp-elements-e4081f2a68170c1680c504ed0c36fe29\">Notre \u00e9quipe est \u00e0 votre \u00e9coute pour r\u00e9pondre \u00e0 toutes vos demandes.<\/p>\n<\/div><\/div>\n\n\n\n<div class=\"wp-block-group is-layout-constrained wp-block-group-is-layout-constrained\">\n<h2 class=\"wp-block-heading has-text-align-center has-palette-color-1-color has-text-color has-link-color wp-elements-d0b954ebd2341aacdba0be4cd04a83d3\">Nous sommes l\u00e0 pour vous aider<\/h2>\n\n\n\n<p class=\"has-text-align-center\">Que vous soyez un bar, un restaurant, une brasserie ou un professionnel du CHR, nous vous accompagnons dans le choix, l&rsquo;installation et la maintenance de votre mat\u00e9riel. N\u2019h\u00e9sitez pas \u00e0 nous envoyer un message, nous vous r\u00e9pondrons rapidement.<\/p>\n<\/div>\n\n\n\n<div class=\"wp-block-uagb-forms uagb-forms__outer-wrap uagb-block-b7961f41 uagb-forms__medium-btn\"><form class=\"uagb-forms-main-form\" method=\"post\" autocomplete=\"on\" name=\"uagb-form-b7961f41\" action=\"\">\n<div class=\"wp-block-uagb-forms-name uagb-forms-name-wrap uagb-forms-field-set uagb-block-dbfe2bff\"><div class=\"uagb-forms-name-label required uagb-forms-input-label\" id=\"dbfe2bff\">Pr\u00e9nom<\/div><input type=\"text\" placeholder=\"John\" required class=\"uagb-forms-name-input uagb-forms-input\" name=\"dbfe2bff\" autocomplete=\"given-name\"\/><\/div>\n\n\n\n<div class=\"wp-block-uagb-forms-name uagb-forms-name-wrap uagb-forms-field-set uagb-block-1a9d0b51\"><div class=\"uagb-forms-name-label required uagb-forms-input-label\" id=\"1a9d0b51\">Nom<\/div><input type=\"text\" placeholder=\"Doe\" required class=\"uagb-forms-name-input uagb-forms-input\" name=\"1a9d0b51\" autocomplete=\"family-name\"\/><\/div>\n\n\n\n<div class=\"wp-block-uagb-forms-email uagb-forms-email-wrap uagb-forms-field-set uagb-block-ab4d8de6\"><div class=\"uagb-forms-email-label required uagb-forms-input-label\" id=\"ab4d8de6\">Email<\/div><input type=\"email\" class=\"uagb-forms-email-input uagb-forms-input\" placeholder=\"example@mail.com\" required name=\"ab4d8de6\" autocomplete=\"email\"\/><\/div>\n\n\n\n<div class=\"wp-block-uagb-forms-textarea uagb-forms-textarea-wrap uagb-forms-field-set uagb-block-bdb89e22\"><div class=\"uagb-forms-textarea-label required uagb-forms-input-label\" id=\"bdb89e22\">Message<\/div><textarea required class=\"uagb-forms-textarea-input uagb-forms-input\" rows=\"4\" placeholder=\"Enter your message\" name=\"bdb89e22\" autocomplete=\"off\"><\/textarea><\/div>\n<div class=\"uagb-forms-form-hidden-data\"><input type=\"hidden\" id=\"g-recaptcha-response\" class=\"uagb-forms-recaptcha\"\/><input type=\"hidden\" class=\"uagb_forms_form_label\" value=\"contact form\"\/><input type=\"hidden\" class=\"uagb_forms_form_id\" value=\"uagb-form-b7961f41\"\/><\/div><div class=\"g-recaptcha uagb-forms-field-set\" data-sitekey=\"\"><\/div><div class=\"uagb-form-reacaptcha-error-b7961f41\"><\/div><div class=\"uagb-forms-main-submit-button-wrap wp-block-button\"><button class=\"uagb-forms-main-submit-button wp-block-button__link\"><div class=\"uagb-forms-main-submit-button-text\">Envoyer ma demande<\/div><\/button><\/div><input type=\"hidden\" name=\"trp-form-language\" value=\"en\"\/><\/form><div class=\"uagb-forms-success-message-b7961f41 uagb-forms-submit-message-hide\"><span>Le message a \u00e9t\u00e9 envoy\u00e9 !<\/span><\/div><div class=\"uagb-forms-failed-message-b7961f41 uagb-forms-submit-message-hide\"><span>Il y a eu des erreurs a l&rsquo;envoi du message. R\u00e9essayer plus tard<\/span><\/div><\/div>\n\n\n\n<div class=\"wp-block-columns is-layout-flex wp-container-core-columns-is-layout-28f84493 wp-block-columns-is-layout-flex\">\n<div class=\"wp-block-column is-layout-flow wp-block-column-is-layout-flow\">\n<h3 class=\"wp-block-heading\">Contact<\/h3>\n\n\n\n<p>\ud83d\udce7Email : <br>or@mtp.fr<\/p>\n\n\n\n<p>\ud83d\udcdeT\u00e9l\u00e9phone: <br>+33 1 48 95 25 33<\/p>\n<\/div>\n\n\n\n<div class=\"wp-block-column is-layout-flow wp-block-column-is-layout-flow\">\n<h3 class=\"wp-block-heading\">Adresse<\/h3>\n\n\n\n<p>MTP<br>1d Chemin noir<br>95340 PERSAN<\/p>\n<\/div>\n<\/div>\n\n\n\n<div style=\"display: flex; justify-content: center; width: 100%; margin: 0 auto;\">\n<iframe src=\"https:\/\/www.google.com\/maps\/embed?pb=!1m18!1m12!1m3!1d2609.2809819468966!2d2.284037641740451!3d49.15727467149324!2m3!1f0!2f0!3f0!3m2!1i1024!2i768!4f13.1!3m3!1m2!1s0x47e65ac6fb0f5db5%3A0x9d671a5ca3f07466!2s1d%20Chem.%20Noir%2C%2095340%20Persan!5e0!3m2!1sfr!2sfr!4v1765696453200!5m2!1sfr!2sfr\" width=\"600\" height=\"450\" style=\"border:0;\" allowfullscreen=\"\" loading=\"lazy\" referrerpolicy=\"no-referrer-when-downgrade\"><\/iframe>\n<\/div>\n\n\n\n<div class=\"wp-block-group has-palette-color-1-color has-palette-color-8-background-color has-text-color has-background has-link-color wp-elements-50c43f3108c2107ceae43e6437b6a961 is-layout-constrained wp-block-group-is-layout-constrained\" style=\"margin-top:40px;margin-bottom:40px\">\n<h2 class=\"wp-block-heading alignwide has-text-align-center has-palette-color-1-color has-text-color has-link-color wp-elements-13ea4133bb14644cf8be40d6da1275c6\">Besoin d&rsquo;un accompagnement ?<\/h2>\n\n\n\n<div class=\"wp-block-buttons is-content-justification-center is-layout-flex wp-container-core-buttons-is-layout-a89b3969 wp-block-buttons-is-layout-flex\">\n<div class=\"wp-block-button is-style-outline is-style-outline--1\"><a class=\"wp-block-button__link wp-element-button\" href=\"tel:+33148952533\" style=\"border-radius:6px\">Appeler Maintenant<\/a><\/div>\n<\/div>\n<\/div>\n\n\n\n<p><\/p>","protected":false},"excerpt":{"rendered":"<p>Nous sommes l\u00e0 pour vous aider Que vous soyez un bar, un restaurant, une brasserie ou un professionnel du CHR, nous vous accompagnons dans le choix, l&rsquo;installation et la maintenance de votre mat\u00e9riel. N\u2019h\u00e9sitez pas \u00e0 nous envoyer un message, nous vous r\u00e9pondrons rapidement. Contact \ud83d\udce7Email : or@mtp.fr \ud83d\udcdeT\u00e9l\u00e9phone: +33 1 48 95 25 33 [&hellip;]<\/p>\n","protected":false},"author":1,"featured_media":0,"parent":0,"menu_order":0,"comment_status":"closed","ping_status":"closed","template":"","meta":{"_uag_custom_page_level_css":"","footnotes":""},"class_list":["post-11","page","type-page","status-publish","hentry"],"blocksy_meta":{"has_hero_section":"disabled","styles_descriptor":{"styles":{"desktop":"[data-prefix=\"single_page\"] [class*=\"ct-container\"] > article[class*=\"post\"] {--has-boxed:var(--false);--has-wide:var(--true);}","tablet":"","mobile":""},"google_fonts":[],"version":6},"content_style_source":"custom","vertical_spacing_source":"inherit","content_style":"wide"},"uagb_featured_image_src":{"full":false,"thumbnail":false,"medium":false,"medium_large":false,"large":false,"1536x1536":false,"2048x2048":false,"trp-custom-language-flag":false},"uagb_author_info":{"display_name":"lbs_admin","author_link":"https:\/\/mtp.fr\/en\/author\/lbs_admin\/"},"uagb_comment_info":0,"uagb_excerpt":"Nous sommes l\u00e0 pour vous aider Que vous soyez un bar, un restaurant, une brasserie ou un professionnel du CHR, nous vous accompagnons dans le choix, l&rsquo;installation et la maintenance de votre mat\u00e9riel. N\u2019h\u00e9sitez pas \u00e0 nous envoyer un message, nous vous r\u00e9pondrons rapidement. Contact \ud83d\udce7Email : or@mtp.fr \ud83d\udcdeT\u00e9l\u00e9phone: +33 1 48 95 25 33&hellip;","_links":{"self":[{"href":"https:\/\/mtp.fr\/en\/wp-json\/wp\/v2\/pages\/11","targetHints":{"allow":["GET"]}}],"collection":[{"href":"https:\/\/mtp.fr\/en\/wp-json\/wp\/v2\/pages"}],"about":[{"href":"https:\/\/mtp.fr\/en\/wp-json\/wp\/v2\/types\/page"}],"author":[{"embeddable":true,"href":"https:\/\/mtp.fr\/en\/wp-json\/wp\/v2\/users\/1"}],"replies":[{"embeddable":true,"href":"https:\/\/mtp.fr\/en\/wp-json\/wp\/v2\/comments?post=11"}],"version-history":[{"count":21,"href":"https:\/\/mtp.fr\/en\/wp-json\/wp\/v2\/pages\/11\/revisions"}],"predecessor-version":[{"id":446,"href":"https:\/\/mtp.fr\/en\/wp-json\/wp\/v2\/pages\/11\/revisions\/446"}],"wp:attachment":[{"href":"https:\/\/mtp.fr\/en\/wp-json\/wp\/v2\/media?parent=11"}],"curies":[{"name":"wp","href":"https:\/\/api.w.org\/{rel}","templated":true}]}}